{"id":46296,"date":"2019-09-01T07:51:29","date_gmt":"2019-08-31T23:51:29","guid":{"rendered":"https:\/\/boxpackingsolution.com\/boites-dextremite-repliables\/"},"modified":"2023-06-29T21:15:24","modified_gmt":"2023-06-29T13:15:24","slug":"boites-dextremite-repliables","status":"publish","type":"page","link":"https:\/\/boxpackingsolution.com\/fr\/produit-unique\/boites-en-carton-personnalisees\/boites-dextremite-repliables\/","title":{"rendered":"Bo\u00eetes d&rsquo;extr\u00e9mit\u00e9 repliables"},"content":{"rendered":"<div class=\"fusion-fullwidth fullwidth-box fusion-builder-row-1 fusion-flex-container nonhundred-percent-fullwidth non-hundred-percent-height-scrolling\" style=\"--awb-border-radius-top-left:0px;--awb-border-radius-top-right:0px;--awb-border-radius-bottom-right:0px;--awb-border-radius-bottom-left:0px;--awb-flex-wrap:wrap;\" ><div class=\"fusion-builder-row fusion-row fusion-flex-align-items-flex-start fusion-flex-content-wrap\" style=\"max-width:1216.8px;margin-left: calc(-4% \/ 2 );margin-right: calc(-4% \/ 2 );\"><div class=\"fusion-layout-column fusion_builder_column fusion-builder-column-0 fusion_builder_column_1_1 1_1 fusion-flex-column\" style=\"--awb-bg-size:cover;--awb-width-large:100%;--awb-margin-top-large:0px;--awb-spacing-right-large:1.92%;--awb-margin-bottom-large:20px;--awb-spacing-left-large:1.92%;--awb-width-medium:100%;--awb-order-medium:0;--awb-spacing-right-medium:1.92%;--awb-spacing-left-medium:1.92%;--awb-width-small:100%;--awb-order-small:0;--awb-spacing-right-small:1.92%;--awb-spacing-left-small:1.92%;\"><div class=\"fusion-column-wrapper fusion-column-has-shadow fusion-flex-justify-content-flex-start fusion-content-layout-column\"><div class=\"fusion-text fusion-text-1\"><p>\u00c0 BIENT\u00d4T!<\/p>\n<\/div><\/div><\/div><\/div><\/div>\n","protected":false},"excerpt":{"rendered":"","protected":false},"author":1,"featured_media":0,"parent":46321,"menu_order":0,"comment_status":"closed","ping_status":"closed","template":"","meta":{"footnotes":""},"class_list":["post-46296","page","type-page","status-publish","hentry"],"yoast_head":"<!-- This site is optimized with the Yoast SEO plugin v27.4 - https:\/\/yoast.com\/product\/yoast-seo-wordpress\/ -->\n<title>Bo\u00eetes d&#039;extr\u00e9mit\u00e9 repliables - Shanghai Custom Packaging Co., Ltd<\/title>\n<meta name=\"robots\" content=\"index, follow, max-snippet:-1, max-image-preview:large, max-video-preview:-1\" \/>\n<link rel=\"canonical\" href=\"https:\/\/boxpackingsolution.com\/fr\/produit-unique\/boites-en-carton-personnalisees\/boites-dextremite-repliables\/\" \/>\n<meta property=\"og:locale\" content=\"fr_FR\" \/>\n<meta property=\"og:type\" content=\"article\" \/>\n<meta property=\"og:title\" content=\"Bo\u00eetes d&#039;extr\u00e9mit\u00e9 repliables - Shanghai Custom Packaging Co., Ltd\" \/>\n<meta property=\"og:url\" content=\"https:\/\/boxpackingsolution.com\/fr\/produit-unique\/boites-en-carton-personnalisees\/boites-dextremite-repliables\/\" \/>\n<meta property=\"og:site_name\" content=\"Shanghai Custom Packaging Co., Ltd\" \/>\n<meta property=\"article:publisher\" content=\"https:\/\/www.facebook.com\/shanghaicustompackaging\/\" \/>\n<meta property=\"article:modified_time\" content=\"2023-06-29T13:15:24+00:00\" \/>\n<meta property=\"og:image\" content=\"https:\/\/boxpackingsolution.com\/wp-content\/uploads\/2020\/06\/Corporation-History.jpg\" \/>\n\t<meta property=\"og:image:width\" content=\"2000\" \/>\n\t<meta property=\"og:image:height\" content=\"1044\" \/>\n\t<meta property=\"og:image:type\" content=\"image\/jpeg\" \/>\n<meta name=\"twitter:card\" content=\"summary_large_image\" \/>\n<meta name=\"twitter:site\" content=\"@custompacking\" \/>\n<meta name=\"twitter:label1\" content=\"Dur\u00e9e de lecture estim\u00e9e\" \/>\n\t<meta name=\"twitter:data1\" content=\"2 minutes\" \/>\n<script type=\"application\/ld+json\" class=\"yoast-schema-graph\">{\"@context\":\"https:\\\/\\\/schema.org\",\"@graph\":[{\"@type\":\"WebPage\",\"@id\":\"https:\\\/\\\/boxpackingsolution.com\\\/fr\\\/produit-unique\\\/boites-en-carton-personnalisees\\\/boites-dextremite-repliables\\\/\",\"url\":\"https:\\\/\\\/boxpackingsolution.com\\\/fr\\\/produit-unique\\\/boites-en-carton-personnalisees\\\/boites-dextremite-repliables\\\/\",\"name\":\"Bo\u00eetes d'extr\u00e9mit\u00e9 repliables - Shanghai Custom Packaging Co., Ltd\",\"isPartOf\":{\"@id\":\"https:\\\/\\\/boxpackingsolution.com\\\/#website\"},\"datePublished\":\"2019-08-31T23:51:29+00:00\",\"dateModified\":\"2023-06-29T13:15:24+00:00\",\"breadcrumb\":{\"@id\":\"https:\\\/\\\/boxpackingsolution.com\\\/fr\\\/produit-unique\\\/boites-en-carton-personnalisees\\\/boites-dextremite-repliables\\\/#breadcrumb\"},\"inLanguage\":\"fr-FR\",\"potentialAction\":[{\"@type\":\"ReadAction\",\"target\":[\"https:\\\/\\\/boxpackingsolution.com\\\/fr\\\/produit-unique\\\/boites-en-carton-personnalisees\\\/boites-dextremite-repliables\\\/\"]}]},{\"@type\":\"BreadcrumbList\",\"@id\":\"https:\\\/\\\/boxpackingsolution.com\\\/fr\\\/produit-unique\\\/boites-en-carton-personnalisees\\\/boites-dextremite-repliables\\\/#breadcrumb\",\"itemListElement\":[{\"@type\":\"ListItem\",\"position\":1,\"name\":\"Home\",\"item\":\"https:\\\/\\\/boxpackingsolution.com\\\/fr\\\/\"},{\"@type\":\"ListItem\",\"position\":2,\"name\":\"Produit unique\",\"item\":\"https:\\\/\\\/boxpackingsolution.com\\\/fr\\\/produit-unique\\\/\"},{\"@type\":\"ListItem\",\"position\":3,\"name\":\"Bo\u00eetes en carton personnalis\u00e9es\",\"item\":\"https:\\\/\\\/boxpackingsolution.com\\\/fr\\\/produit-unique\\\/boites-en-carton-personnalisees\\\/\"},{\"@type\":\"ListItem\",\"position\":4,\"name\":\"Bo\u00eetes d&#8217;extr\u00e9mit\u00e9 repliables\"}]},{\"@type\":\"WebSite\",\"@id\":\"https:\\\/\\\/boxpackingsolution.com\\\/#website\",\"url\":\"https:\\\/\\\/boxpackingsolution.com\\\/\",\"name\":\"Shanghai Custom Packaging Co., Ltd\",\"description\":\"A Professional Custom Boxes Supplier\",\"publisher\":{\"@id\":\"https:\\\/\\\/boxpackingsolution.com\\\/#organization\"},\"alternateName\":\"SCP\",\"potentialAction\":[{\"@type\":\"SearchAction\",\"target\":{\"@type\":\"EntryPoint\",\"urlTemplate\":\"https:\\\/\\\/boxpackingsolution.com\\\/?s={search_term_string}\"},\"query-input\":{\"@type\":\"PropertyValueSpecification\",\"valueRequired\":true,\"valueName\":\"search_term_string\"}}],\"inLanguage\":\"fr-FR\"},{\"@type\":\"Organization\",\"@id\":\"https:\\\/\\\/boxpackingsolution.com\\\/#organization\",\"name\":\"Shanghai Custom Packaging Co., Ltd\",\"alternateName\":\"SCP\",\"url\":\"https:\\\/\\\/boxpackingsolution.com\\\/\",\"logo\":{\"@type\":\"ImageObject\",\"inLanguage\":\"fr-FR\",\"@id\":\"https:\\\/\\\/boxpackingsolution.com\\\/#\\\/schema\\\/logo\\\/image\\\/\",\"url\":\"https:\\\/\\\/boxpackingsolution.com\\\/wp-content\\\/uploads\\\/2019\\\/09\\\/BPS-logo-2x-retina-size.png\",\"contentUrl\":\"https:\\\/\\\/boxpackingsolution.com\\\/wp-content\\\/uploads\\\/2019\\\/09\\\/BPS-logo-2x-retina-size.png\",\"width\":252,\"height\":84,\"caption\":\"Shanghai Custom Packaging Co., Ltd\"},\"image\":{\"@id\":\"https:\\\/\\\/boxpackingsolution.com\\\/#\\\/schema\\\/logo\\\/image\\\/\"},\"sameAs\":[\"https:\\\/\\\/www.facebook.com\\\/shanghaicustompackaging\\\/\",\"https:\\\/\\\/x.com\\\/custompacking\",\"https:\\\/\\\/www.youtube.com\\\/@packagingbox\"]}]}<\/script>\n<!-- \/ Yoast SEO plugin. -->","yoast_head_json":{"title":"Bo\u00eetes d'extr\u00e9mit\u00e9 repliables - Shanghai Custom Packaging Co., Ltd","robots":{"index":"index","follow":"follow","max-snippet":"max-snippet:-1","max-image-preview":"max-image-preview:large","max-video-preview":"max-video-preview:-1"},"canonical":"https:\/\/boxpackingsolution.com\/fr\/produit-unique\/boites-en-carton-personnalisees\/boites-dextremite-repliables\/","og_locale":"fr_FR","og_type":"article","og_title":"Bo\u00eetes d'extr\u00e9mit\u00e9 repliables - Shanghai Custom Packaging Co., Ltd","og_url":"https:\/\/boxpackingsolution.com\/fr\/produit-unique\/boites-en-carton-personnalisees\/boites-dextremite-repliables\/","og_site_name":"Shanghai Custom Packaging Co., Ltd","article_publisher":"https:\/\/www.facebook.com\/shanghaicustompackaging\/","article_modified_time":"2023-06-29T13:15:24+00:00","og_image":[{"width":2000,"height":1044,"url":"https:\/\/boxpackingsolution.com\/wp-content\/uploads\/2020\/06\/Corporation-History.jpg","type":"image\/jpeg"}],"twitter_card":"summary_large_image","twitter_site":"@custompacking","twitter_misc":{"Dur\u00e9e de lecture estim\u00e9e":"2 minutes"},"schema":{"@context":"https:\/\/schema.org","@graph":[{"@type":"WebPage","@id":"https:\/\/boxpackingsolution.com\/fr\/produit-unique\/boites-en-carton-personnalisees\/boites-dextremite-repliables\/","url":"https:\/\/boxpackingsolution.com\/fr\/produit-unique\/boites-en-carton-personnalisees\/boites-dextremite-repliables\/","name":"Bo\u00eetes d'extr\u00e9mit\u00e9 repliables - Shanghai Custom Packaging Co., Ltd","isPartOf":{"@id":"https:\/\/boxpackingsolution.com\/#website"},"datePublished":"2019-08-31T23:51:29+00:00","dateModified":"2023-06-29T13:15:24+00:00","breadcrumb":{"@id":"https:\/\/boxpackingsolution.com\/fr\/produit-unique\/boites-en-carton-personnalisees\/boites-dextremite-repliables\/#breadcrumb"},"inLanguage":"fr-FR","potentialAction":[{"@type":"ReadAction","target":["https:\/\/boxpackingsolution.com\/fr\/produit-unique\/boites-en-carton-personnalisees\/boites-dextremite-repliables\/"]}]},{"@type":"BreadcrumbList","@id":"https:\/\/boxpackingsolution.com\/fr\/produit-unique\/boites-en-carton-personnalisees\/boites-dextremite-repliables\/#breadcrumb","itemListElement":[{"@type":"ListItem","position":1,"name":"Home","item":"https:\/\/boxpackingsolution.com\/fr\/"},{"@type":"ListItem","position":2,"name":"Produit unique","item":"https:\/\/boxpackingsolution.com\/fr\/produit-unique\/"},{"@type":"ListItem","position":3,"name":"Bo\u00eetes en carton personnalis\u00e9es","item":"https:\/\/boxpackingsolution.com\/fr\/produit-unique\/boites-en-carton-personnalisees\/"},{"@type":"ListItem","position":4,"name":"Bo\u00eetes d&#8217;extr\u00e9mit\u00e9 repliables"}]},{"@type":"WebSite","@id":"https:\/\/boxpackingsolution.com\/#website","url":"https:\/\/boxpackingsolution.com\/","name":"Shanghai Custom Packaging Co., Ltd","description":"A Professional Custom Boxes Supplier","publisher":{"@id":"https:\/\/boxpackingsolution.com\/#organization"},"alternateName":"SCP","potentialAction":[{"@type":"SearchAction","target":{"@type":"EntryPoint","urlTemplate":"https:\/\/boxpackingsolution.com\/?s={search_term_string}"},"query-input":{"@type":"PropertyValueSpecification","valueRequired":true,"valueName":"search_term_string"}}],"inLanguage":"fr-FR"},{"@type":"Organization","@id":"https:\/\/boxpackingsolution.com\/#organization","name":"Shanghai Custom Packaging Co., Ltd","alternateName":"SCP","url":"https:\/\/boxpackingsolution.com\/","logo":{"@type":"ImageObject","inLanguage":"fr-FR","@id":"https:\/\/boxpackingsolution.com\/#\/schema\/logo\/image\/","url":"https:\/\/boxpackingsolution.com\/wp-content\/uploads\/2019\/09\/BPS-logo-2x-retina-size.png","contentUrl":"https:\/\/boxpackingsolution.com\/wp-content\/uploads\/2019\/09\/BPS-logo-2x-retina-size.png","width":252,"height":84,"caption":"Shanghai Custom Packaging Co., Ltd"},"image":{"@id":"https:\/\/boxpackingsolution.com\/#\/schema\/logo\/image\/"},"sameAs":["https:\/\/www.facebook.com\/shanghaicustompackaging\/","https:\/\/x.com\/custompacking","https:\/\/www.youtube.com\/@packagingbox"]}]}},"_links":{"self":[{"href":"https:\/\/boxpackingsolution.com\/fr\/wp-json\/wp\/v2\/pages\/46296","targetHints":{"allow":["GET"]}}],"collection":[{"href":"https:\/\/boxpackingsolution.com\/fr\/wp-json\/wp\/v2\/pages"}],"about":[{"href":"https:\/\/boxpackingsolution.com\/fr\/wp-json\/wp\/v2\/types\/page"}],"author":[{"embeddable":true,"href":"https:\/\/boxpackingsolution.com\/fr\/wp-json\/wp\/v2\/users\/1"}],"replies":[{"embeddable":true,"href":"https:\/\/boxpackingsolution.com\/fr\/wp-json\/wp\/v2\/comments?post=46296"}],"version-history":[{"count":0,"href":"https:\/\/boxpackingsolution.com\/fr\/wp-json\/wp\/v2\/pages\/46296\/revisions"}],"up":[{"embeddable":true,"href":"https:\/\/boxpackingsolution.com\/fr\/wp-json\/wp\/v2\/pages\/46321"}],"wp:attachment":[{"href":"https:\/\/boxpackingsolution.com\/fr\/wp-json\/wp\/v2\/media?parent=46296"}],"curies":[{"name":"wp","href":"https:\/\/api.w.org\/{rel}","templated":true}]}}