{"id":46020,"date":"2019-09-01T09:37:14","date_gmt":"2019-09-01T01:37:14","guid":{"rendered":"https:\/\/boxpackingsolution.com\/politique-de-confidentialite\/"},"modified":"2023-06-24T17:37:00","modified_gmt":"2023-06-24T09:37:00","slug":"politique-de-confidentialite","status":"publish","type":"page","link":"https:\/\/boxpackingsolution.com\/fr\/politique-de-confidentialite\/","title":{"rendered":"politique de confidentialit\u00e9"},"content":{"rendered":"<div class=\"fusion-fullwidth fullwidth-box fusion-builder-row-1 fusion-flex-container nonhundred-percent-fullwidth non-hundred-percent-height-scrolling\" style=\"--awb-border-radius-top-left:0px;--awb-border-radius-top-right:0px;--awb-border-radius-bottom-right:0px;--awb-border-radius-bottom-left:0px;--awb-flex-wrap:wrap;\" ><div class=\"fusion-builder-row fusion-row fusion-flex-align-items-flex-start fusion-flex-content-wrap\" style=\"max-width:calc( 1170px + 0px );margin-left: calc(-0px \/ 2 );margin-right: calc(-0px \/ 2 );\"><div class=\"fusion-layout-column fusion_builder_column fusion-builder-column-0 fusion_builder_column_1_1 1_1 fusion-flex-column\" style=\"--awb-bg-size:cover;--awb-width-large:100%;--awb-margin-top-large:0px;--awb-spacing-right-large:0px;--awb-margin-bottom-large:20px;--awb-spacing-left-large:0px;--awb-width-medium:100%;--awb-spacing-right-medium:0px;--awb-spacing-left-medium:0px;--awb-width-small:100%;--awb-spacing-right-small:0px;--awb-spacing-left-small:0px;\"><div class=\"fusion-column-wrapper fusion-column-has-shadow fusion-flex-justify-content-flex-start fusion-content-layout-column\"><div class=\"fusion-text fusion-text-1\"><h1>Notre engagement en mati\u00e8re de confidentialit\u00e9<\/h1>\n<p>Votre utilisation de notre site Web constitue l&rsquo;accord pour la collecte et l&rsquo;utilisation de vos informations comme d\u00e9crit dans cette politique de confidentialit\u00e9.<\/p>\n<p>BoxPackingSolution.com comprend, croit et maintient la stricte confidentialit\u00e9 des informations des utilisateurs et des clients de notre site Web. Toutes les informations que nous recueillons \u00e0 partir du traitement des commandes ou de toute demande ne sont pas distribu\u00e9es, divulgu\u00e9es ou vendues \u00e0 d&rsquo;autres parties, sauf si cela est n\u00e9cessaire pour le service client, le contact, le traitement et l&rsquo;exp\u00e9dition des commandes et des demandes du client. <\/p>\n<p>Nous ne collectons pas intentionnellement des informations aupr\u00e8s d&rsquo;enfants de moins de 13 ans. Notre site Web n&rsquo;est pas destin\u00e9 ou structur\u00e9 pour \u00eatre utilis\u00e9 par des enfants. <\/p>\n<p>Veuillez comprendre que nous divulguerons vos informations lorsque la loi l&rsquo;exige ou pour prot\u00e9ger nos int\u00e9r\u00eats et notre s\u00e9curit\u00e9 et ceux des autres visiteurs de notre site Web, ou lorsque vous nous autorisez \u00e0 le faire. Vos informations peuvent \u00e9galement \u00eatre divulgu\u00e9es lorsque nous croyons de bonne foi qu&rsquo;il est n\u00e9cessaire de se conformer \u00e0 une proc\u00e9dure judiciaire en cours, \u00e0 une ordonnance d&rsquo;un tribunal ou \u00e0 une proc\u00e9dure judiciaire signifi\u00e9e sur notre site Web. <\/p>\n<h1>Collecte et utilisation des informations<\/h1>\n<p>Diff\u00e9rentes zones de notre site Web et de notre serveur Web collectent des informations sur les utilisateurs. Ces informations utilisateur sont conserv\u00e9es dans des fichiers journaux qui contiennent le nom de domaine des visiteurs, l&rsquo;adresse IP, le nom et la version du navigateur, la date\/heure de la visite, les pages Web de r\u00e9f\u00e9rence\/sortie, un nombre de clics et des informations g\u00e9ographiques\/d\u00e9mographiques g\u00e9n\u00e9rales pour le suivi des tendances. Les adresses e-mail des visiteurs ne font pas partie des fichiers journaux.  <\/p>\n<p>BoxPackingSolution.com recueille des informations que les utilisateurs de notre site Web fournissent volontairement. Les visiteurs et utilisateurs de notre site Web fournissent volontairement leurs noms, adresses e-mail, num\u00e9ros de t\u00e9l\u00e9phone, adresses de livraison et autres informations personnelles et professionnelles. Lorsque vous achetez sur notre site Web, vous fournissez des informations sensibles telles que les donn\u00e9es de carte de cr\u00e9dit et le num\u00e9ro de compte. En fournissant ces informations, vous consentez \u00e0 ce que, afin de traiter vos demandes et transactions, ces informations soient partag\u00e9es avec nos prestataires de services et des tiers tels que les institutions bancaires, les cartes de cr\u00e9dit et les compagnies maritimes. Vos informations financi\u00e8res seront utilis\u00e9es pour traiter vos transactions ou vous facturer les produits et services que vous demandez.    <\/p>\n<p>Les utilisateurs et clients de notre site Web ont la possibilit\u00e9 de modifier leurs informations sur notre site Web. BoxPackingSolution.com ne fournit, ne distribue ni ne vend les informations sur les utilisateurs et les clients de notre site Web \u00e0 une autre partie. Les informations sur les utilisateurs et les clients du site Web peuvent \u00eatre utilis\u00e9es \u00e0 des fins de marketing et d&rsquo;am\u00e9lioration du site Web, des produits et des services de BoxPackingSolution.com. Veuillez noter que nous utilisons \u00e9galement ces informations pour vous contacter concernant les mises \u00e0 jour de notre site Web et d&rsquo;autres informations que nous jugeons utiles et susceptibles de vous int\u00e9resser.   <\/p>\n<h1>S\u00e9curit\u00e9<\/h1>\n<p>La s\u00e9curit\u00e9 des utilisateurs de notre site Web et des informations de nos clients est pour nous une priorit\u00e9 absolue. Nous prenons des mesures raisonnables contre l&rsquo;acc\u00e8s ou l&rsquo;utilisation non autoris\u00e9s de vos informations personnelles et professionnelles en ligne et hors ligne. L&rsquo;acc\u00e8s aux informations des utilisateurs du site Web et des clients est limit\u00e9 dans nos bureaux. Notre site utilise le cryptage Secure Socket Layer (SSL) qui est la forme la plus \u00e9lev\u00e9e de syst\u00e8me de s\u00e9curit\u00e9 des donn\u00e9es lorsque des informations sont envoy\u00e9es ou re\u00e7ues sur Internet. Bien que le cryptage SSL v\u00e9rifie l&rsquo;int\u00e9grit\u00e9 des informations et la s\u00e9curit\u00e9 des serveurs d&rsquo;envoi\/de r\u00e9ception, les informations ne sont pas s\u00e9curis\u00e9es \u00e0 100 % sur Internet. Nous ne pouvons donc pas garantir la s\u00e9curit\u00e9 des informations que vous nous envoyez sur Internet.     <\/p>\n<h1>Transitions d&rsquo;affaires<\/h1>\n<p>Si BoxPackingSolution.com passe par une transition commerciale telle qu&rsquo;une vente, une fusion avec une autre soci\u00e9t\u00e9 ou une d\u00e9claration de faillite, le transfert d&rsquo;actifs inclura tout ou partie des informations collect\u00e9es aupr\u00e8s des utilisateurs et clients de notre site Web.<\/p>\n<h1>T\u00e9moins du site Web<\/h1>\n<p>BoxPackingSolution.com utilise des cookies pour am\u00e9liorer l&rsquo;exp\u00e9rience des utilisateurs du site Web et des clients sur notre site Web. Un cookie est un ensemble programm\u00e9 de donn\u00e9es stock\u00e9es sur votre ordinateur pendant une p\u00e9riode prolong\u00e9e par notre site Web. Un cookie sur votre ordinateur permettra \u00e0 notre site Web de vous reconna\u00eetre en tant qu&rsquo;individu sp\u00e9cifique et de se rapporter \u00e0 vos informations dans nos serveurs\/enregistrements. Les cookies doivent \u00eatre activ\u00e9s pour utiliser le site Web BoxPackingSolution.com. Vous pouvez supprimer les cookies en suivant les instructions de votre navigateur Web.    <\/p>\n<h2>Liens<\/h2>\n<p>Le site BoxPackingSolution.com peut contenir des liens vers d&rsquo;autres sites. Veuillez noter que nous ne sommes pas responsables des pratiques de confidentialit\u00e9 de ces autres sites. Nous encourageons nos utilisateurs \u00e0 \u00eatre conscients lorsqu&rsquo;ils quittent notre site et \u00e0 lire les d\u00e9clarations de confidentialit\u00e9 de chaque site Web qui collecte des informations personnellement identifiables. Cette d\u00e9claration de confidentialit\u00e9 s&rsquo;applique uniquement aux informations collect\u00e9es par notre site Web.   <\/p>\n<p>BoxPackingSolution.com peut modifier cette politique de confidentialit\u00e9 \u00e0 tout moment avec ou sans pr\u00e9avis. Les modifications seront publi\u00e9es sur cette page. Nous vous encourageons \u00e0 lire cette page r\u00e9guli\u00e8rement.  <\/p>\n<\/div><\/div><\/div><\/div><\/div>\n","protected":false},"excerpt":{"rendered":"","protected":false},"author":1,"featured_media":43520,"parent":0,"menu_order":0,"comment_status":"closed","ping_status":"closed","template":"","meta":{"footnotes":""},"class_list":["post-46020","page","type-page","status-publish","has-post-thumbnail","hentry"],"yoast_head":"<!-- This site is optimized with the Yoast SEO plugin v27.5 - https:\/\/yoast.com\/product\/yoast-seo-wordpress\/ -->\n<title>Demande de coffret cadeau rigide personnalis\u00e9<\/title>\n<meta name=\"description\" content=\"La politique de confidentialit\u00e9 prot\u00e8ge les informations des clients sous diff\u00e9rents aspects, nous ne partagerons jamais les informations avec un tiers sans l&#039;autorisation du client.\" \/>\n<meta name=\"robots\" content=\"index, follow, max-snippet:-1, max-image-preview:large, max-video-preview:-1\" \/>\n<link rel=\"canonical\" href=\"https:\/\/boxpackingsolution.com\/privacy-policy\/\" \/>\n<meta property=\"og:locale\" content=\"fr_FR\" \/>\n<meta property=\"og:type\" content=\"article\" \/>\n<meta property=\"og:title\" content=\"Demande de coffret cadeau rigide personnalis\u00e9\" \/>\n<meta property=\"og:description\" content=\"La politique de confidentialit\u00e9 prot\u00e8ge les informations des clients sous diff\u00e9rents aspects, nous ne partagerons jamais les informations avec un tiers sans l&#039;autorisation du client.\" \/>\n<meta property=\"og:url\" content=\"https:\/\/boxpackingsolution.com\/privacy-policy\/\" \/>\n<meta property=\"og:site_name\" content=\"Shanghai Custom Packaging Co., Ltd\" \/>\n<meta property=\"article:publisher\" content=\"https:\/\/www.facebook.com\/shanghaicustompackaging\/\" \/>\n<meta property=\"article:modified_time\" content=\"2023-06-24T09:37:00+00:00\" \/>\n<meta property=\"og:image\" content=\"https:\/\/boxpackingsolution.com\/wp-content\/uploads\/2020\/09\/Privacy-Policy.jpg\" \/>\n\t<meta property=\"og:image:width\" content=\"1200\" \/>\n\t<meta property=\"og:image:height\" content=\"628\" \/>\n\t<meta property=\"og:image:type\" content=\"image\/jpeg\" \/>\n<meta name=\"twitter:card\" content=\"summary_large_image\" \/>\n<meta name=\"twitter:site\" content=\"@custompacking\" \/>\n<meta name=\"twitter:label1\" content=\"Dur\u00e9e de lecture estim\u00e9e\" \/>\n\t<meta name=\"twitter:data1\" content=\"6 minutes\" \/>\n<script type=\"application\/ld+json\" class=\"yoast-schema-graph\">{\"@context\":\"https:\\\/\\\/schema.org\",\"@graph\":[{\"@type\":\"WebPage\",\"@id\":\"https:\\\/\\\/boxpackingsolution.com\\\/privacy-policy\\\/\",\"url\":\"https:\\\/\\\/boxpackingsolution.com\\\/privacy-policy\\\/\",\"name\":\"Demande de coffret cadeau rigide personnalis\u00e9\",\"isPartOf\":{\"@id\":\"https:\\\/\\\/boxpackingsolution.com\\\/#website\"},\"primaryImageOfPage\":{\"@id\":\"https:\\\/\\\/boxpackingsolution.com\\\/privacy-policy\\\/#primaryimage\"},\"image\":{\"@id\":\"https:\\\/\\\/boxpackingsolution.com\\\/privacy-policy\\\/#primaryimage\"},\"thumbnailUrl\":\"https:\\\/\\\/boxpackingsolution.com\\\/wp-content\\\/uploads\\\/2020\\\/09\\\/Privacy-Policy.jpg\",\"datePublished\":\"2019-09-01T01:37:14+00:00\",\"dateModified\":\"2023-06-24T09:37:00+00:00\",\"description\":\"La politique de confidentialit\u00e9 prot\u00e8ge les informations des clients sous diff\u00e9rents aspects, nous ne partagerons jamais les informations avec un tiers sans l'autorisation du client.\",\"breadcrumb\":{\"@id\":\"https:\\\/\\\/boxpackingsolution.com\\\/privacy-policy\\\/#breadcrumb\"},\"inLanguage\":\"fr-FR\",\"potentialAction\":[{\"@type\":\"ReadAction\",\"target\":[\"https:\\\/\\\/boxpackingsolution.com\\\/privacy-policy\\\/\"]}]},{\"@type\":\"ImageObject\",\"inLanguage\":\"fr-FR\",\"@id\":\"https:\\\/\\\/boxpackingsolution.com\\\/privacy-policy\\\/#primaryimage\",\"url\":\"https:\\\/\\\/boxpackingsolution.com\\\/wp-content\\\/uploads\\\/2020\\\/09\\\/Privacy-Policy.jpg\",\"contentUrl\":\"https:\\\/\\\/boxpackingsolution.com\\\/wp-content\\\/uploads\\\/2020\\\/09\\\/Privacy-Policy.jpg\",\"width\":1200,\"height\":628,\"caption\":\"We protect your browse privacy.\"},{\"@type\":\"BreadcrumbList\",\"@id\":\"https:\\\/\\\/boxpackingsolution.com\\\/privacy-policy\\\/#breadcrumb\",\"itemListElement\":[{\"@type\":\"ListItem\",\"position\":1,\"name\":\"Home\",\"item\":\"https:\\\/\\\/boxpackingsolution.com\\\/fr\\\/\"},{\"@type\":\"ListItem\",\"position\":2,\"name\":\"politique de confidentialit\u00e9\"}]},{\"@type\":\"WebSite\",\"@id\":\"https:\\\/\\\/boxpackingsolution.com\\\/#website\",\"url\":\"https:\\\/\\\/boxpackingsolution.com\\\/\",\"name\":\"Shanghai Custom Packaging Co., Ltd\",\"description\":\"A Professional Custom Boxes Supplier\",\"publisher\":{\"@id\":\"https:\\\/\\\/boxpackingsolution.com\\\/#organization\"},\"alternateName\":\"SCP\",\"potentialAction\":[{\"@type\":\"SearchAction\",\"target\":{\"@type\":\"EntryPoint\",\"urlTemplate\":\"https:\\\/\\\/boxpackingsolution.com\\\/?s={search_term_string}\"},\"query-input\":{\"@type\":\"PropertyValueSpecification\",\"valueRequired\":true,\"valueName\":\"search_term_string\"}}],\"inLanguage\":\"fr-FR\"},{\"@type\":\"Organization\",\"@id\":\"https:\\\/\\\/boxpackingsolution.com\\\/#organization\",\"name\":\"Shanghai Custom Packaging Co., Ltd\",\"alternateName\":\"SCP\",\"url\":\"https:\\\/\\\/boxpackingsolution.com\\\/\",\"logo\":{\"@type\":\"ImageObject\",\"inLanguage\":\"fr-FR\",\"@id\":\"https:\\\/\\\/boxpackingsolution.com\\\/#\\\/schema\\\/logo\\\/image\\\/\",\"url\":\"https:\\\/\\\/boxpackingsolution.com\\\/wp-content\\\/uploads\\\/2019\\\/09\\\/BPS-logo-2x-retina-size.png\",\"contentUrl\":\"https:\\\/\\\/boxpackingsolution.com\\\/wp-content\\\/uploads\\\/2019\\\/09\\\/BPS-logo-2x-retina-size.png\",\"width\":252,\"height\":84,\"caption\":\"Shanghai Custom Packaging Co., Ltd\"},\"image\":{\"@id\":\"https:\\\/\\\/boxpackingsolution.com\\\/#\\\/schema\\\/logo\\\/image\\\/\"},\"sameAs\":[\"https:\\\/\\\/www.facebook.com\\\/shanghaicustompackaging\\\/\",\"https:\\\/\\\/x.com\\\/custompacking\",\"https:\\\/\\\/www.youtube.com\\\/@packagingbox\"]}]}<\/script>\n<!-- \/ Yoast SEO plugin. -->","yoast_head_json":{"title":"Demande de coffret cadeau rigide personnalis\u00e9","description":"La politique de confidentialit\u00e9 prot\u00e8ge les informations des clients sous diff\u00e9rents aspects, nous ne partagerons jamais les informations avec un tiers sans l'autorisation du client.","robots":{"index":"index","follow":"follow","max-snippet":"max-snippet:-1","max-image-preview":"max-image-preview:large","max-video-preview":"max-video-preview:-1"},"canonical":"https:\/\/boxpackingsolution.com\/privacy-policy\/","og_locale":"fr_FR","og_type":"article","og_title":"Demande de coffret cadeau rigide personnalis\u00e9","og_description":"La politique de confidentialit\u00e9 prot\u00e8ge les informations des clients sous diff\u00e9rents aspects, nous ne partagerons jamais les informations avec un tiers sans l'autorisation du client.","og_url":"https:\/\/boxpackingsolution.com\/privacy-policy\/","og_site_name":"Shanghai Custom Packaging Co., Ltd","article_publisher":"https:\/\/www.facebook.com\/shanghaicustompackaging\/","article_modified_time":"2023-06-24T09:37:00+00:00","og_image":[{"width":1200,"height":628,"url":"https:\/\/boxpackingsolution.com\/wp-content\/uploads\/2020\/09\/Privacy-Policy.jpg","type":"image\/jpeg"}],"twitter_card":"summary_large_image","twitter_site":"@custompacking","twitter_misc":{"Dur\u00e9e de lecture estim\u00e9e":"6 minutes"},"schema":{"@context":"https:\/\/schema.org","@graph":[{"@type":"WebPage","@id":"https:\/\/boxpackingsolution.com\/privacy-policy\/","url":"https:\/\/boxpackingsolution.com\/privacy-policy\/","name":"Demande de coffret cadeau rigide personnalis\u00e9","isPartOf":{"@id":"https:\/\/boxpackingsolution.com\/#website"},"primaryImageOfPage":{"@id":"https:\/\/boxpackingsolution.com\/privacy-policy\/#primaryimage"},"image":{"@id":"https:\/\/boxpackingsolution.com\/privacy-policy\/#primaryimage"},"thumbnailUrl":"https:\/\/boxpackingsolution.com\/wp-content\/uploads\/2020\/09\/Privacy-Policy.jpg","datePublished":"2019-09-01T01:37:14+00:00","dateModified":"2023-06-24T09:37:00+00:00","description":"La politique de confidentialit\u00e9 prot\u00e8ge les informations des clients sous diff\u00e9rents aspects, nous ne partagerons jamais les informations avec un tiers sans l'autorisation du client.","breadcrumb":{"@id":"https:\/\/boxpackingsolution.com\/privacy-policy\/#breadcrumb"},"inLanguage":"fr-FR","potentialAction":[{"@type":"ReadAction","target":["https:\/\/boxpackingsolution.com\/privacy-policy\/"]}]},{"@type":"ImageObject","inLanguage":"fr-FR","@id":"https:\/\/boxpackingsolution.com\/privacy-policy\/#primaryimage","url":"https:\/\/boxpackingsolution.com\/wp-content\/uploads\/2020\/09\/Privacy-Policy.jpg","contentUrl":"https:\/\/boxpackingsolution.com\/wp-content\/uploads\/2020\/09\/Privacy-Policy.jpg","width":1200,"height":628,"caption":"We protect your browse privacy."},{"@type":"BreadcrumbList","@id":"https:\/\/boxpackingsolution.com\/privacy-policy\/#breadcrumb","itemListElement":[{"@type":"ListItem","position":1,"name":"Home","item":"https:\/\/boxpackingsolution.com\/fr\/"},{"@type":"ListItem","position":2,"name":"politique de confidentialit\u00e9"}]},{"@type":"WebSite","@id":"https:\/\/boxpackingsolution.com\/#website","url":"https:\/\/boxpackingsolution.com\/","name":"Shanghai Custom Packaging Co., Ltd","description":"A Professional Custom Boxes Supplier","publisher":{"@id":"https:\/\/boxpackingsolution.com\/#organization"},"alternateName":"SCP","potentialAction":[{"@type":"SearchAction","target":{"@type":"EntryPoint","urlTemplate":"https:\/\/boxpackingsolution.com\/?s={search_term_string}"},"query-input":{"@type":"PropertyValueSpecification","valueRequired":true,"valueName":"search_term_string"}}],"inLanguage":"fr-FR"},{"@type":"Organization","@id":"https:\/\/boxpackingsolution.com\/#organization","name":"Shanghai Custom Packaging Co., Ltd","alternateName":"SCP","url":"https:\/\/boxpackingsolution.com\/","logo":{"@type":"ImageObject","inLanguage":"fr-FR","@id":"https:\/\/boxpackingsolution.com\/#\/schema\/logo\/image\/","url":"https:\/\/boxpackingsolution.com\/wp-content\/uploads\/2019\/09\/BPS-logo-2x-retina-size.png","contentUrl":"https:\/\/boxpackingsolution.com\/wp-content\/uploads\/2019\/09\/BPS-logo-2x-retina-size.png","width":252,"height":84,"caption":"Shanghai Custom Packaging Co., Ltd"},"image":{"@id":"https:\/\/boxpackingsolution.com\/#\/schema\/logo\/image\/"},"sameAs":["https:\/\/www.facebook.com\/shanghaicustompackaging\/","https:\/\/x.com\/custompacking","https:\/\/www.youtube.com\/@packagingbox"]}]}},"_links":{"self":[{"href":"https:\/\/boxpackingsolution.com\/fr\/wp-json\/wp\/v2\/pages\/46020","targetHints":{"allow":["GET"]}}],"collection":[{"href":"https:\/\/boxpackingsolution.com\/fr\/wp-json\/wp\/v2\/pages"}],"about":[{"href":"https:\/\/boxpackingsolution.com\/fr\/wp-json\/wp\/v2\/types\/page"}],"author":[{"embeddable":true,"href":"https:\/\/boxpackingsolution.com\/fr\/wp-json\/wp\/v2\/users\/1"}],"replies":[{"embeddable":true,"href":"https:\/\/boxpackingsolution.com\/fr\/wp-json\/wp\/v2\/comments?post=46020"}],"version-history":[{"count":0,"href":"https:\/\/boxpackingsolution.com\/fr\/wp-json\/wp\/v2\/pages\/46020\/revisions"}],"wp:featuredmedia":[{"embeddable":true,"href":"https:\/\/boxpackingsolution.com\/fr\/wp-json\/wp\/v2\/media\/43520"}],"wp:attachment":[{"href":"https:\/\/boxpackingsolution.com\/fr\/wp-json\/wp\/v2\/media?parent=46020"}],"curies":[{"name":"wp","href":"https:\/\/api.w.org\/{rel}","templated":true}]}}