{"id":48907,"date":"2019-09-01T09:37:14","date_gmt":"2019-09-01T01:37:14","guid":{"rendered":"https:\/\/boxpackingsolution.com\/politica-de-privacidad\/"},"modified":"2023-10-06T14:34:32","modified_gmt":"2023-10-06T06:34:32","slug":"politica-de-privacidad","status":"publish","type":"page","link":"https:\/\/boxpackingsolution.com\/es\/politica-de-privacidad\/","title":{"rendered":"pol\u00edtica de privacidad"},"content":{"rendered":"<div class=\"fusion-fullwidth fullwidth-box fusion-builder-row-1 fusion-flex-container nonhundred-percent-fullwidth non-hundred-percent-height-scrolling\" style=\"--awb-border-radius-top-left:0px;--awb-border-radius-top-right:0px;--awb-border-radius-bottom-right:0px;--awb-border-radius-bottom-left:0px;--awb-flex-wrap:wrap;\" ><div class=\"fusion-builder-row fusion-row fusion-flex-align-items-flex-start fusion-flex-content-wrap\" style=\"max-width:calc( 1170px + 0px );margin-left: calc(-0px \/ 2 );margin-right: calc(-0px \/ 2 );\"><div class=\"fusion-layout-column fusion_builder_column fusion-builder-column-0 fusion_builder_column_1_1 1_1 fusion-flex-column\" style=\"--awb-bg-size:cover;--awb-width-large:100%;--awb-margin-top-large:0px;--awb-spacing-right-large:0px;--awb-margin-bottom-large:20px;--awb-spacing-left-large:0px;--awb-width-medium:100%;--awb-spacing-right-medium:0px;--awb-spacing-left-medium:0px;--awb-width-small:100%;--awb-spacing-right-small:0px;--awb-spacing-left-small:0px;\"><div class=\"fusion-column-wrapper fusion-column-has-shadow fusion-flex-justify-content-flex-start fusion-content-layout-column\"><div class=\"fusion-text fusion-text-1\"><h1>Nuestro compromiso con la privacidad<\/h1>\n<p>El uso de nuestro sitio web constituye el acuerdo para la recopilaci\u00f3n y el uso de su informaci\u00f3n como se describe en esta pol\u00edtica de privacidad.<\/p>\n<p>BoxPackingSolution.com comprende, cree y mantiene una estricta privacidad de la informaci\u00f3n de nuestros usuarios del sitio web y clientes. Cualquier informaci\u00f3n que recopilemos durante el procesamiento de pedidos o a trav\u00e9s de cualquier consulta no se distribuye, divulga ni vende a otras partes, excepto cuando sea necesario para el servicio al cliente, el contacto, el procesamiento y el env\u00edo de los pedidos y las solicitudes de los clientes. <\/p>\n<p>No recopilamos intencionalmente informaci\u00f3n de ni\u00f1os menores de 13 a\u00f1os. Nuestro sitio web no est\u00e1 dise\u00f1ado ni estructurado para que lo utilicen ni\u00f1os. <\/p>\n<p>Por favor, comprenda que divulgaremos su informaci\u00f3n cuando la ley lo requiera o para proteger nuestros intereses y la seguridad de otros visitantes de nuestro sitio web, o cuando nos permita hacerlo. Su informaci\u00f3n tambi\u00e9n puede ser divulgada cuando tengamos una creencia de buena fe de que es necesario cumplir con un procedimiento judicial actual, una orden judicial o un proceso legal servido en nuestro sitio web. <\/p>\n<h1>Recopilaci\u00f3n y uso de informaci\u00f3n<\/h1>\n<p>Diferentes \u00e1reas de nuestro sitio web y servidor web recopilan informaci\u00f3n del usuario. Esta informaci\u00f3n del usuario se mantiene en archivos de registro que contienen el nombre de dominio de los visitantes, la direcci\u00f3n IP, el nombre y la versi\u00f3n del navegador, la fecha\/hora de la visita, las p\u00e1ginas web de referencia\/salida, una cantidad de clics e informaci\u00f3n geogr\u00e1fica\/demogr\u00e1fica amplia para seguir las tendencias. Las direcciones de correo electr\u00f3nico de los visitantes no forman parte de los archivos de registro.  <\/p>\n<p>BoxPackingSolution.com recopila informaci\u00f3n que los usuarios de nuestro sitio web proporcionan voluntariamente. Los visitantes y usuarios de nuestro sitio web proporcionan voluntariamente sus nombres, direcciones de correo electr\u00f3nico, n\u00fameros de tel\u00e9fono, direcciones de env\u00edo y otra informaci\u00f3n personal y comercial. Cuando compra en nuestro sitio web, proporciona informaci\u00f3n sensible como datos de tarjeta de cr\u00e9dito y n\u00famero de cuenta. Al proporcionar esta informaci\u00f3n, usted da su consentimiento para que, con el fin de procesar sus solicitudes y transacciones, esta informaci\u00f3n se comparta con nuestros proveedores de servicios y terceros como instituciones bancarias, compa\u00f1\u00edas de tarjetas de cr\u00e9dito y env\u00edo. Su informaci\u00f3n financiera se utilizar\u00e1 para procesar sus transacciones o facturarle por los productos y servicios que solicite.    <\/p>\n<p>Los usuarios y clientes de nuestro sitio web tienen acceso para cambiar su informaci\u00f3n en nuestro sitio web. BoxPackingSolution.com no proporciona, distribuye ni vende informaci\u00f3n de los usuarios y clientes de nuestro sitio web a ninguna otra parte. La informaci\u00f3n de los usuarios y clientes del sitio web puede utilizarse para marketing y mejora del sitio web, los productos y los servicios de BoxPackingSolution.com. Tenga en cuenta que tambi\u00e9n utilizamos esta informaci\u00f3n para comunicarnos con usted con respecto a las actualizaciones de nuestro sitio web y otra informaci\u00f3n que consideremos que puede ser \u00fatil y de su inter\u00e9s.   <\/p>\n<h1>Seguridad<\/h1>\n<p>La seguridad de la informaci\u00f3n de los usuarios de nuestro sitio web y los clientes es de alta prioridad para nosotros. Tomamos medidas razonables contra el acceso no autorizado o el uso de su informaci\u00f3n personal y comercial en l\u00ednea y fuera de l\u00ednea. El acceso a la informaci\u00f3n de los usuarios del sitio web y los clientes est\u00e1 restringido en nuestras oficinas. Nuestro sitio utiliza el cifrado de capa de sockets seguros (SSL), que es la forma m\u00e1s segura de sistema de seguridad de datos cuando la informaci\u00f3n se env\u00eda o recibe a trav\u00e9s de Internet. Aunque el cifrado SSL verifica la integridad de la informaci\u00f3n y la seguridad de los servidores de env\u00edo\/recepci\u00f3n, la informaci\u00f3n no est\u00e1 100% segura en Internet. Por lo tanto, no podemos garantizar la seguridad de la informaci\u00f3n que nos env\u00eda por Internet.     <\/p>\n<h1>Transiciones empresariales<\/h1>\n<p>Si BoxPackingSolution.com pasa por una transici\u00f3n comercial, como venta, fusi\u00f3n con otra empresa o declaraci\u00f3n de quiebra, la transferencia de activos incluir\u00e1 parte o toda la informaci\u00f3n recopilada de los usuarios y clientes de nuestro sitio web.<\/p>\n<h1>Galletas<\/h1>\n<p>BoxPackingSolution.com utiliza cookies para mejorar la experiencia de los usuarios del sitio web y los clientes en nuestro sitio web. Una cookie es un conjunto de datos programados almacenados en su computadora durante un per\u00edodo de tiempo prolongado por nuestro sitio web. Una cookie en su computadora permitir\u00e1 que nuestro sitio web lo reconozca como una persona espec\u00edfica y se relacione con su informaci\u00f3n en nuestros servidores\/registros. Las cookies deben estar habilitadas para poder utilizar el sitio web de BoxPackingSolution.com. Puede eliminar las cookies siguiendo las instrucciones de su navegador web.    <\/p>\n<h2>Enlaces<\/h2>\n<p>El sitio web BoxPackingSolution.com puede contener enlaces a otros sitios web. Tenga en cuenta que no somos responsables de las pr\u00e1cticas de privacidad de dichos otros sitios. Alentamos a nuestros usuarios a estar atentos cuando abandonan nuestro sitio y a leer las declaraciones de privacidad de todos y cada uno de los sitios web que recopilan informaci\u00f3n de identificaci\u00f3n personal. Esta declaraci\u00f3n de privacidad se aplica \u00fanicamente a la informaci\u00f3n recopilada por nuestro sitio web.   <\/p>\n<p>BoxPackingSolution.com puede modificar esta Pol\u00edtica de Privacidad en cualquier momento con o sin previo aviso. Los cambios se publicar\u00e1n en esta p\u00e1gina. Le recomendamos que lea esta p\u00e1gina con regularidad.  <\/p>\n<\/div><\/div><\/div><\/div><\/div>\n","protected":false},"excerpt":{"rendered":"","protected":false},"author":1,"featured_media":43521,"parent":0,"menu_order":0,"comment_status":"closed","ping_status":"closed","template":"","meta":{"footnotes":""},"class_list":["post-48907","page","type-page","status-publish","has-post-thumbnail","hentry"],"yoast_head":"<!-- This site is optimized with the Yoast SEO plugin v27.4 - https:\/\/yoast.com\/product\/yoast-seo-wordpress\/ -->\n<title>Pol\u00edtica de privacidad- Shanghai Custom Packaging Co., Ltd<\/title>\n<meta name=\"description\" content=\"La Pol\u00edtica de Privacidad protege la informaci\u00f3n de los clientes en diferentes aspectos, nunca compartiremos la informaci\u00f3n con terceros sin el permiso de los clientes.\" \/>\n<meta name=\"robots\" content=\"index, follow, max-snippet:-1, max-image-preview:large, max-video-preview:-1\" \/>\n<link rel=\"canonical\" href=\"https:\/\/boxpackingsolution.com\/privacy-policy\/\" \/>\n<meta property=\"og:locale\" content=\"es_ES\" \/>\n<meta property=\"og:type\" content=\"article\" \/>\n<meta property=\"og:title\" content=\"Pol\u00edtica de privacidad- Shanghai Custom Packaging Co., Ltd\" \/>\n<meta property=\"og:description\" content=\"La Pol\u00edtica de Privacidad protege la informaci\u00f3n de los clientes en diferentes aspectos, nunca compartiremos la informaci\u00f3n con terceros sin el permiso de los clientes.\" \/>\n<meta property=\"og:url\" content=\"https:\/\/boxpackingsolution.com\/privacy-policy\/\" \/>\n<meta property=\"og:site_name\" content=\"Shanghai Custom Packaging Co., Ltd\" \/>\n<meta property=\"article:publisher\" content=\"https:\/\/www.facebook.com\/shanghaicustompackaging\/\" \/>\n<meta property=\"article:modified_time\" content=\"2023-10-06T06:34:32+00:00\" \/>\n<meta property=\"og:image\" content=\"https:\/\/boxpackingsolution.com\/wp-content\/uploads\/2020\/09\/Privacy-Policy.jpg\" \/>\n\t<meta property=\"og:image:width\" content=\"1200\" \/>\n\t<meta property=\"og:image:height\" content=\"628\" \/>\n\t<meta property=\"og:image:type\" content=\"image\/jpeg\" \/>\n<meta name=\"twitter:card\" content=\"summary_large_image\" \/>\n<meta name=\"twitter:site\" content=\"@custompacking\" \/>\n<meta name=\"twitter:label1\" content=\"Tiempo de lectura\" \/>\n\t<meta name=\"twitter:data1\" content=\"6 minutos\" \/>\n<script type=\"application\/ld+json\" class=\"yoast-schema-graph\">{\"@context\":\"https:\\\/\\\/schema.org\",\"@graph\":[{\"@type\":\"WebPage\",\"@id\":\"https:\\\/\\\/boxpackingsolution.com\\\/privacy-policy\\\/\",\"url\":\"https:\\\/\\\/boxpackingsolution.com\\\/privacy-policy\\\/\",\"name\":\"Pol\u00edtica de privacidad- Shanghai Custom Packaging Co., Ltd\",\"isPartOf\":{\"@id\":\"https:\\\/\\\/boxpackingsolution.com\\\/#website\"},\"primaryImageOfPage\":{\"@id\":\"https:\\\/\\\/boxpackingsolution.com\\\/privacy-policy\\\/#primaryimage\"},\"image\":{\"@id\":\"https:\\\/\\\/boxpackingsolution.com\\\/privacy-policy\\\/#primaryimage\"},\"thumbnailUrl\":\"https:\\\/\\\/boxpackingsolution.com\\\/wp-content\\\/uploads\\\/2020\\\/09\\\/Privacy-Policy.jpg\",\"datePublished\":\"2019-09-01T01:37:14+00:00\",\"dateModified\":\"2023-10-06T06:34:32+00:00\",\"description\":\"La Pol\u00edtica de Privacidad protege la informaci\u00f3n de los clientes en diferentes aspectos, nunca compartiremos la informaci\u00f3n con terceros sin el permiso de los clientes.\",\"breadcrumb\":{\"@id\":\"https:\\\/\\\/boxpackingsolution.com\\\/privacy-policy\\\/#breadcrumb\"},\"inLanguage\":\"es\",\"potentialAction\":[{\"@type\":\"ReadAction\",\"target\":[\"https:\\\/\\\/boxpackingsolution.com\\\/privacy-policy\\\/\"]}]},{\"@type\":\"ImageObject\",\"inLanguage\":\"es\",\"@id\":\"https:\\\/\\\/boxpackingsolution.com\\\/privacy-policy\\\/#primaryimage\",\"url\":\"https:\\\/\\\/boxpackingsolution.com\\\/wp-content\\\/uploads\\\/2020\\\/09\\\/Privacy-Policy.jpg\",\"contentUrl\":\"https:\\\/\\\/boxpackingsolution.com\\\/wp-content\\\/uploads\\\/2020\\\/09\\\/Privacy-Policy.jpg\",\"width\":1200,\"height\":628,\"caption\":\"We protect your browse privacy.\"},{\"@type\":\"BreadcrumbList\",\"@id\":\"https:\\\/\\\/boxpackingsolution.com\\\/privacy-policy\\\/#breadcrumb\",\"itemListElement\":[{\"@type\":\"ListItem\",\"position\":1,\"name\":\"Home\",\"item\":\"https:\\\/\\\/boxpackingsolution.com\\\/es\\\/\"},{\"@type\":\"ListItem\",\"position\":2,\"name\":\"pol\u00edtica de privacidad\"}]},{\"@type\":\"WebSite\",\"@id\":\"https:\\\/\\\/boxpackingsolution.com\\\/#website\",\"url\":\"https:\\\/\\\/boxpackingsolution.com\\\/\",\"name\":\"Shanghai Custom Packaging Co., Ltd\",\"description\":\"A Professional Custom Boxes Supplier\",\"publisher\":{\"@id\":\"https:\\\/\\\/boxpackingsolution.com\\\/#organization\"},\"alternateName\":\"SCP\",\"potentialAction\":[{\"@type\":\"SearchAction\",\"target\":{\"@type\":\"EntryPoint\",\"urlTemplate\":\"https:\\\/\\\/boxpackingsolution.com\\\/?s={search_term_string}\"},\"query-input\":{\"@type\":\"PropertyValueSpecification\",\"valueRequired\":true,\"valueName\":\"search_term_string\"}}],\"inLanguage\":\"es\"},{\"@type\":\"Organization\",\"@id\":\"https:\\\/\\\/boxpackingsolution.com\\\/#organization\",\"name\":\"Shanghai Custom Packaging Co., Ltd\",\"alternateName\":\"SCP\",\"url\":\"https:\\\/\\\/boxpackingsolution.com\\\/\",\"logo\":{\"@type\":\"ImageObject\",\"inLanguage\":\"es\",\"@id\":\"https:\\\/\\\/boxpackingsolution.com\\\/#\\\/schema\\\/logo\\\/image\\\/\",\"url\":\"https:\\\/\\\/boxpackingsolution.com\\\/wp-content\\\/uploads\\\/2019\\\/09\\\/BPS-logo-2x-retina-size.png\",\"contentUrl\":\"https:\\\/\\\/boxpackingsolution.com\\\/wp-content\\\/uploads\\\/2019\\\/09\\\/BPS-logo-2x-retina-size.png\",\"width\":252,\"height\":84,\"caption\":\"Shanghai Custom Packaging Co., Ltd\"},\"image\":{\"@id\":\"https:\\\/\\\/boxpackingsolution.com\\\/#\\\/schema\\\/logo\\\/image\\\/\"},\"sameAs\":[\"https:\\\/\\\/www.facebook.com\\\/shanghaicustompackaging\\\/\",\"https:\\\/\\\/x.com\\\/custompacking\",\"https:\\\/\\\/www.youtube.com\\\/@packagingbox\"]}]}<\/script>\n<!-- \/ Yoast SEO plugin. -->","yoast_head_json":{"title":"Pol\u00edtica de privacidad- Shanghai Custom Packaging Co., Ltd","description":"La Pol\u00edtica de Privacidad protege la informaci\u00f3n de los clientes en diferentes aspectos, nunca compartiremos la informaci\u00f3n con terceros sin el permiso de los clientes.","robots":{"index":"index","follow":"follow","max-snippet":"max-snippet:-1","max-image-preview":"max-image-preview:large","max-video-preview":"max-video-preview:-1"},"canonical":"https:\/\/boxpackingsolution.com\/privacy-policy\/","og_locale":"es_ES","og_type":"article","og_title":"Pol\u00edtica de privacidad- Shanghai Custom Packaging Co., Ltd","og_description":"La Pol\u00edtica de Privacidad protege la informaci\u00f3n de los clientes en diferentes aspectos, nunca compartiremos la informaci\u00f3n con terceros sin el permiso de los clientes.","og_url":"https:\/\/boxpackingsolution.com\/privacy-policy\/","og_site_name":"Shanghai Custom Packaging Co., Ltd","article_publisher":"https:\/\/www.facebook.com\/shanghaicustompackaging\/","article_modified_time":"2023-10-06T06:34:32+00:00","og_image":[{"width":1200,"height":628,"url":"https:\/\/boxpackingsolution.com\/wp-content\/uploads\/2020\/09\/Privacy-Policy.jpg","type":"image\/jpeg"}],"twitter_card":"summary_large_image","twitter_site":"@custompacking","twitter_misc":{"Tiempo de lectura":"6 minutos"},"schema":{"@context":"https:\/\/schema.org","@graph":[{"@type":"WebPage","@id":"https:\/\/boxpackingsolution.com\/privacy-policy\/","url":"https:\/\/boxpackingsolution.com\/privacy-policy\/","name":"Pol\u00edtica de privacidad- Shanghai Custom Packaging Co., Ltd","isPartOf":{"@id":"https:\/\/boxpackingsolution.com\/#website"},"primaryImageOfPage":{"@id":"https:\/\/boxpackingsolution.com\/privacy-policy\/#primaryimage"},"image":{"@id":"https:\/\/boxpackingsolution.com\/privacy-policy\/#primaryimage"},"thumbnailUrl":"https:\/\/boxpackingsolution.com\/wp-content\/uploads\/2020\/09\/Privacy-Policy.jpg","datePublished":"2019-09-01T01:37:14+00:00","dateModified":"2023-10-06T06:34:32+00:00","description":"La Pol\u00edtica de Privacidad protege la informaci\u00f3n de los clientes en diferentes aspectos, nunca compartiremos la informaci\u00f3n con terceros sin el permiso de los clientes.","breadcrumb":{"@id":"https:\/\/boxpackingsolution.com\/privacy-policy\/#breadcrumb"},"inLanguage":"es","potentialAction":[{"@type":"ReadAction","target":["https:\/\/boxpackingsolution.com\/privacy-policy\/"]}]},{"@type":"ImageObject","inLanguage":"es","@id":"https:\/\/boxpackingsolution.com\/privacy-policy\/#primaryimage","url":"https:\/\/boxpackingsolution.com\/wp-content\/uploads\/2020\/09\/Privacy-Policy.jpg","contentUrl":"https:\/\/boxpackingsolution.com\/wp-content\/uploads\/2020\/09\/Privacy-Policy.jpg","width":1200,"height":628,"caption":"We protect your browse privacy."},{"@type":"BreadcrumbList","@id":"https:\/\/boxpackingsolution.com\/privacy-policy\/#breadcrumb","itemListElement":[{"@type":"ListItem","position":1,"name":"Home","item":"https:\/\/boxpackingsolution.com\/es\/"},{"@type":"ListItem","position":2,"name":"pol\u00edtica de privacidad"}]},{"@type":"WebSite","@id":"https:\/\/boxpackingsolution.com\/#website","url":"https:\/\/boxpackingsolution.com\/","name":"Shanghai Custom Packaging Co., Ltd","description":"A Professional Custom Boxes Supplier","publisher":{"@id":"https:\/\/boxpackingsolution.com\/#organization"},"alternateName":"SCP","potentialAction":[{"@type":"SearchAction","target":{"@type":"EntryPoint","urlTemplate":"https:\/\/boxpackingsolution.com\/?s={search_term_string}"},"query-input":{"@type":"PropertyValueSpecification","valueRequired":true,"valueName":"search_term_string"}}],"inLanguage":"es"},{"@type":"Organization","@id":"https:\/\/boxpackingsolution.com\/#organization","name":"Shanghai Custom Packaging Co., Ltd","alternateName":"SCP","url":"https:\/\/boxpackingsolution.com\/","logo":{"@type":"ImageObject","inLanguage":"es","@id":"https:\/\/boxpackingsolution.com\/#\/schema\/logo\/image\/","url":"https:\/\/boxpackingsolution.com\/wp-content\/uploads\/2019\/09\/BPS-logo-2x-retina-size.png","contentUrl":"https:\/\/boxpackingsolution.com\/wp-content\/uploads\/2019\/09\/BPS-logo-2x-retina-size.png","width":252,"height":84,"caption":"Shanghai Custom Packaging Co., Ltd"},"image":{"@id":"https:\/\/boxpackingsolution.com\/#\/schema\/logo\/image\/"},"sameAs":["https:\/\/www.facebook.com\/shanghaicustompackaging\/","https:\/\/x.com\/custompacking","https:\/\/www.youtube.com\/@packagingbox"]}]}},"_links":{"self":[{"href":"https:\/\/boxpackingsolution.com\/es\/wp-json\/wp\/v2\/pages\/48907","targetHints":{"allow":["GET"]}}],"collection":[{"href":"https:\/\/boxpackingsolution.com\/es\/wp-json\/wp\/v2\/pages"}],"about":[{"href":"https:\/\/boxpackingsolution.com\/es\/wp-json\/wp\/v2\/types\/page"}],"author":[{"embeddable":true,"href":"https:\/\/boxpackingsolution.com\/es\/wp-json\/wp\/v2\/users\/1"}],"replies":[{"embeddable":true,"href":"https:\/\/boxpackingsolution.com\/es\/wp-json\/wp\/v2\/comments?post=48907"}],"version-history":[{"count":0,"href":"https:\/\/boxpackingsolution.com\/es\/wp-json\/wp\/v2\/pages\/48907\/revisions"}],"wp:featuredmedia":[{"embeddable":true,"href":"https:\/\/boxpackingsolution.com\/es\/wp-json\/wp\/v2\/media\/43521"}],"wp:attachment":[{"href":"https:\/\/boxpackingsolution.com\/es\/wp-json\/wp\/v2\/media?parent=48907"}],"curies":[{"name":"wp","href":"https:\/\/api.w.org\/{rel}","templated":true}]}}