{"id":48872,"date":"2019-09-01T08:57:24","date_gmt":"2019-09-01T00:57:24","guid":{"rendered":"https:\/\/boxpackingsolution.com\/soluciones-de-embalaje\/"},"modified":"2023-10-06T11:01:13","modified_gmt":"2023-10-06T03:01:13","slug":"soluciones-de-embalaje","status":"publish","type":"page","link":"https:\/\/boxpackingsolution.com\/es\/soluciones-de-embalaje\/","title":{"rendered":"Soluciones de embalaje"},"content":{"rendered":"<div class=\"fusion-fullwidth fullwidth-box fusion-builder-row-1 fusion-flex-container has-pattern-background has-mask-background nonhundred-percent-fullwidth non-hundred-percent-height-scrolling\" style=\"--awb-border-radius-top-left:0px;--awb-border-radius-top-right:0px;--awb-border-radius-bottom-right:0px;--awb-border-radius-bottom-left:0px;--awb-flex-wrap:wrap;\" ><div class=\"fusion-builder-row fusion-row fusion-flex-align-items-flex-start fusion-flex-content-wrap\" style=\"max-width:1216.8px;margin-left: calc(-4% \/ 2 );margin-right: calc(-4% \/ 2 );\"><div class=\"fusion-layout-column fusion_builder_column fusion-builder-column-0 fusion_builder_column_1_1 1_1 fusion-flex-column\" style=\"--awb-bg-size:cover;--awb-width-large:100%;--awb-margin-top-large:0px;--awb-spacing-right-large:1.92%;--awb-margin-bottom-large:20px;--awb-spacing-left-large:1.92%;--awb-width-medium:100%;--awb-order-medium:0;--awb-spacing-right-medium:1.92%;--awb-spacing-left-medium:1.92%;--awb-width-small:100%;--awb-order-small:0;--awb-spacing-right-small:1.92%;--awb-spacing-left-small:1.92%;\"><div class=\"fusion-column-wrapper fusion-column-has-shadow fusion-flex-justify-content-flex-start fusion-content-layout-column\"><div class=\"fusion-text fusion-text-1\"><h1>Soluciones de embalaje de cart\u00f3n<\/h1>\n<p>En <a href=\"https:\/\/boxpackingsolution.com\/es\/\" target=\"_new\" rel=\"noopener\">Box Packing Solution<\/a>, proporcionamos una amplia gama de soluciones de embalaje de cart\u00f3n para todas las necesidades de tu negocio. Nuestras soluciones de embalaje est\u00e1n dise\u00f1adas para satisfacer los requisitos espec\u00edficos de diferentes industrias, que incluyen ropa y calzado, relojes, cerveza y vino, alimentos frescos, macarons, caf\u00e9, productos de belleza, extensiones de cabello, cajas de pesta\u00f1as, bombillas LED, tazas de caf\u00e9 y auriculares de realidad virtual (VR). Cada una de nuestras soluciones de embalaje es personalizable para asegurarse de que tu producto se embale y se env\u00ede de una manera que se adapte perfectamente a tu marca y producto. <\/p>\n<h2>Soluci\u00f3n de embalaje de ropa y calzado<\/h2>\n<p>Si te encuentras en la industria de la moda o el calzado, sabes lo importante que es contar con un embalaje de alta calidad que proteja tus productos y, al mismo tiempo, los presente de una manera atractiva. Nuestras cajas personalizadas para ropa y zapatos est\u00e1n dise\u00f1adas teniendo en cuenta tanto la protecci\u00f3n como la est\u00e9tica. Con nuestra soluci\u00f3n de embalaje para ropa y calzado, puedes estar seguro de que tus productos llegar\u00e1n en perfectas condiciones y tus clientes quedar\u00e1n impresionados por la calidad de tu embalaje. [Enlace Interno: <a href=\"https:\/\/boxpackingsolution.com\/packaging-solution\/custom-apparel-boxes-custom-shoe-boxes\/\" target=\"_new\" rel=\"noopener\">Cajas Personalizadas para Ropa y Cajas Personalizadas para Zapatos<\/a>]  <\/p>\n<h2>Ver soluci\u00f3n de embalaje<\/h2>\n<p>Los relojes son objetos delicados que requieren un embalaje cuidadoso para asegurarse de que lleguen en perfectas condiciones. Nuestras cajas personalizadas para relojes est\u00e1n dise\u00f1adas para proteger tus relojes de da\u00f1os durante el env\u00edo y el almacenamiento. Con nuestra soluci\u00f3n de embalaje para relojes, puedes estar seguro de que tus relojes llegar\u00e1n de manera segura y tus clientes quedar\u00e1n impresionados por la calidad de tu embalaje. [Enlace Interno: <a href=\"https:\/\/boxpackingsolution.com\/es\/cajas-de-relojes-personalizadas\/\" target=\"_new\" rel=\"noopener\">Cajas Personalizadas para Relojes<\/a>]  <\/p>\n<h2>Soluci\u00f3n de envasado de cerveza y vino<\/h2>\n<p>Ya sea que est\u00e9s en la industria de la cerveza o el vino, sabes lo importante que es contar con un embalaje que no solo proteja tus productos, sino que tambi\u00e9n realce su atractivo. Nuestros porta cervezas personalizados y cajas de vino est\u00e1n dise\u00f1ados para hacer precisamente eso. Con nuestra soluci\u00f3n de embalaje para cerveza y vino, puedes estar seguro de que tus productos llegar\u00e1n de manera segura y tus clientes quedar\u00e1n impresionados por la calidad de tu embalaje. [Enlace Interno: <a href=\"https:\/\/boxpackingsolution.com\/packaging-solution\/custom-beer-carrier-and-wine-boxes\/\" target=\"_new\" rel=\"noopener\">Porta Cervezas Personalizados y Cajas de Vino Personalizadas<\/a>]  <\/p>\n<h3>Soluci\u00f3n de envasado de vino<\/h3>\n<p>Las botellas de vino son objetos delicados que requieren un embalaje especial para evitar roturas durante el env\u00edo y la manipulaci\u00f3n. Nuestras soluciones de embalaje para vino est\u00e1n dise\u00f1adas para proteger tus botellas de vino y realzar su atractivo. Con nuestra soluci\u00f3n de embalaje para vino, puedes estar seguro de que tus botellas de vino llegar\u00e1n de manera segura y con estilo. [Enlace Interno: <a href=\"https:\/\/boxpackingsolution.com\/packaging-solution\/custom-beer-carrier-and-wine-boxes\/wine-packaging-solutions\/\" target=\"_new\" rel=\"noopener\">Soluciones de Embalaje para Vino<\/a>]  <\/p>\n<h2>Soluci\u00f3n de envasado de alimentos frescos<\/h2>\n<p>Los productos alimenticios frescos requieren un embalaje que no solo los proteja, sino que tambi\u00e9n ayude a preservar su frescura. Nuestras cajas personalizadas para frutas, cajas para verduras y cajas enceradas est\u00e1n dise\u00f1adas para hacer precisamente eso. Con nuestra soluci\u00f3n de embalaje para productos alimenticios frescos, puedes estar seguro de que tus productos llegar\u00e1n en excelentes condiciones y tus clientes apreciar\u00e1n la calidad de tu embalaje. [Enlace Interno: <a href=\"https:\/\/boxpackingsolution.com\/packaging-solution\/custom-fruit-boxes-vegetable-boxes-and-waxed-boxes\/\" target=\"_new\" rel=\"noopener\">Cajas Personalizadas para Frutas, Cajas para Verduras y Cajas Enceradas<\/a>]  <\/p>\n<h2>Soluci\u00f3n de embalaje de macarrones<\/h2>\n<p>Los macarons son delicados dulces que requieren un manejo y un embalaje cuidadosos. Nuestras cajas personalizadas para macarons est\u00e1n dise\u00f1adas para proteger tus macarons y presentarlos de manera atractiva. Con nuestra soluci\u00f3n de embalaje para macarons, puedes estar seguro de que tus macarons llegar\u00e1n de manera segura y con estilo. [Enlace Interno: <a href=\"https:\/\/boxpackingsolution.com\/es\/cajas-de-embalaje-para-macarons-personalizadas\/\" target=\"_new\" rel=\"noopener\">Cajas Personalizadas para Macarons<\/a>]  <\/p>\n<h2>Soluci\u00f3n de envasado de granos y polvo de caf\u00e9<\/h2>\n<p>Nuestras cajas de embalaje para caf\u00e9 est\u00e1n dise\u00f1adas para mantener seguros y frescos tus granos de caf\u00e9 y polvo durante el transporte. Ofrecemos una variedad de soluciones de embalaje para caf\u00e9 que se pueden personalizar para satisfacer tus necesidades espec\u00edficas. <a href=\"https:\/\/boxpackingsolution.com\/es\/embalaje-de-cafe\/\" target=\"_new\" rel=\"noopener\">Haz clic aqu\u00ed<\/a> para obtener m\u00e1s informaci\u00f3n sobre nuestra soluci\u00f3n de embalaje para granos de caf\u00e9 y polvo. <\/p>\n<h2>Soluci\u00f3n de embalaje de productos de belleza<\/h2>\n<p>Si te dedicas a la venta de productos de belleza, sabes lo importante que es contar con un embalaje que sea tanto funcional como atractivo. Ah\u00ed es donde entran en juego nuestras soluciones de embalaje para productos de belleza. En Box Packing Solution, ofrecemos una variedad de opciones de embalaje personalizado para cosm\u00e9ticos y productos de belleza que te ayudar\u00e1n a mostrar tus productos de la mejor manera posible. Nuestras soluciones de embalaje para productos de belleza incluyen desde cajas para l\u00e1pices labiales y cajas para perfumes hasta juegos de regalo personalizados y m\u00e1s. Trabajamos en estrecha colaboraci\u00f3n con nuestros clientes para asegurarnos de que su embalaje cumpla con sus necesidades y especificaciones \u00fanicas. Ya sea que est\u00e9s buscando un embalaje elegante y sofisticado o algo m\u00e1s juguet\u00f3n y caprichoso, nosotros te tenemos cubierto.  <\/p>\n<p><a href=\"https:\/\/boxpackingsolution.com\/packaging-solution\/cosmetic-packaging-beauty-products-packaging\/\" target=\"_new\" rel=\"noopener\">Consulte nuestra gama completa de opciones de embalaje de productos cosm\u00e9ticos y de belleza aqu\u00ed.<\/a><\/p>\n<h2>Soluci\u00f3n de embalaje de extensiones de cabello<\/h2>\n<p>Las extensiones de cabello son un accesorio de belleza popular y merecen un embalaje tan elegante y de alta calidad como las propias extensiones. En Box Packing Solution, ofrecemos soluciones de embalaje personalizado para extensiones de cabello que son tanto funcionales como llamativas. Nuestras soluciones de embalaje para extensiones de cabello vienen en una variedad de formas y tama\u00f1os, incluyendo cajas, bolsas y bolsitas. Tambi\u00e9n podemos personalizar el embalaje para incluir tu marca y otros elementos de dise\u00f1o \u00fanicos. <\/p>\n<p><a href=\"https:\/\/boxpackingsolution.com\/high-quality-custom-hair-extension-packaging\/\" target=\"_new\" rel=\"noopener\">Obtenga m\u00e1s informaci\u00f3n sobre nuestras opciones de empaque de extensiones de cabello personalizadas aqu\u00ed.<\/a><\/p>\n<h2>Soluci\u00f3n de embalaje de cajas de pesta\u00f1as<\/h2>\n<p>Nuestra soluci\u00f3n de embalaje personalizado para cajas de pesta\u00f1as es perfecta para empresas que desean destacar en la altamente competitiva industria de la belleza. Ofrecemos una variedad de tama\u00f1os y dise\u00f1os para adaptarse a diferentes estilos y preferencias. Nuestras cajas de pesta\u00f1as est\u00e1n hechas de material de cart\u00f3n de alta calidad que garantiza durabilidad y protecci\u00f3n. Consulta nuestra <a href=\"https:\/\/boxpackingsolution.com\/es\/cajas-de-pestanas-personalizadas\/\" target=\"_new\" rel=\"noopener\">soluci\u00f3n de embalaje para cajas de pesta\u00f1as<\/a> para obtener m\u00e1s informaci\u00f3n.  <\/p>\n<h2>Soluci\u00f3n de embalaje de bombillas LED<\/h2>\n<p>Las bombillas LED se est\u00e1n volviendo cada vez m\u00e1s populares debido a que son m\u00e1s eficientes en energ\u00eda y respetuosas con el medio ambiente que las bombillas incandescentes tradicionales. Nuestra soluci\u00f3n de embalaje personalizado para bombillas LED est\u00e1 dise\u00f1ada para proteger las bombillas LED durante el transporte y la manipulaci\u00f3n. Nuestro embalaje est\u00e1 hecho de material de cart\u00f3n resistente y duradero que proporciona m\u00e1xima protecci\u00f3n contra impactos y da\u00f1os. Visita nuestra p\u00e1gina de <a href=\"https:\/\/boxpackingsolution.com\/es\/cajas-de-bombillas-led-personalizadas\/\" target=\"_new\" rel=\"noopener\">soluci\u00f3n de embalaje para bombillas LED<\/a> para obtener m\u00e1s informaci\u00f3n.  <\/p>\n<h2>Soluci\u00f3n de embalaje de taza taza<\/h2>\n<p>Las tazas de caf\u00e9 son un art\u00edculo com\u00fan en hogares y oficinas, lo que las convierte en un popular producto promocional para las empresas. Nuestra soluci\u00f3n de embalaje personalizado para tazas de caf\u00e9 ofrece una excelente forma de promocionar tu marca y tu negocio, al tiempo que protege el producto durante el transporte. Ofrecemos una variedad de tama\u00f1os y dise\u00f1os para satisfacer diferentes necesidades. Consulta nuestra p\u00e1gina de <a href=\"https:\/\/boxpackingsolution.com\/es\/cajas-de-embalaje-de-taza-personalizada\/\" target=\"_new\" rel=\"noopener\">soluci\u00f3n de embalaje para tazas de caf\u00e9<\/a> para obtener m\u00e1s informaci\u00f3n.  <\/p>\n<h2>Soluci\u00f3n de embalaje de auriculares VR<\/h2>\n<p>Los auriculares de realidad virtual (VR) est\u00e1n ganando popularidad en diversas industrias, como los videojuegos y la educaci\u00f3n. Nuestra soluci\u00f3n de embalaje personalizado para auriculares de realidad virtual est\u00e1 dise\u00f1ada para proteger los delicados componentes de los auriculares VR durante el env\u00edo y la manipulaci\u00f3n. Ofrecemos una variedad de dise\u00f1os y tama\u00f1os para adaptarse a diferentes auriculares VR. Visita nuestra p\u00e1gina de <a href=\"https:\/\/boxpackingsolution.com\/es\/cajas-de-auriculares-vr-personalizadas\/\" target=\"_new\" rel=\"noopener\">soluci\u00f3n de embalaje para auriculares de realidad virtual para<\/a> obtener m\u00e1s informaci\u00f3n sobre nuestras opciones.  <\/p>\n<\/div><\/div><\/div><\/div><\/div>\n","protected":false},"excerpt":{"rendered":"","protected":false},"author":1,"featured_media":0,"parent":0,"menu_order":0,"comment_status":"closed","ping_status":"closed","template":"","meta":{"footnotes":""},"class_list":["post-48872","page","type-page","status-publish","hentry"],"yoast_head":"<!-- This site is optimized with the Yoast SEO plugin v27.3 - https:\/\/yoast.com\/product\/yoast-seo-wordpress\/ -->\n<title>Soluciones de embalaje de cart\u00f3n personalizadas | Soluci\u00f3n de embalaje de cajas<\/title>\n<meta name=\"description\" content=\"Shanghai BPS ofrece una amplia gama de soluciones de embalaje personalizadas para satisfacer tus necesidades \u00fanicas. Desde cajas personalizadas hasta dise\u00f1o de embalaje, tenemos todo lo que necesitas para crear la soluci\u00f3n de embalaje perfecta para tu negocio. Cont\u00e1ctanos hoy mismo para obtener soluciones de embalaje de alta calidad y asequibles.\" \/>\n<meta name=\"robots\" content=\"index, follow, max-snippet:-1, max-image-preview:large, max-video-preview:-1\" \/>\n<link rel=\"canonical\" href=\"https:\/\/boxpackingsolution.com\/packaging-solution\/\" \/>\n<meta property=\"og:locale\" content=\"es_ES\" \/>\n<meta property=\"og:type\" content=\"article\" \/>\n<meta property=\"og:title\" content=\"Soluciones de embalaje de cart\u00f3n personalizadas | Soluci\u00f3n de embalaje de cajas\" \/>\n<meta property=\"og:description\" content=\"Shanghai BPS ofrece una amplia gama de soluciones de embalaje personalizadas para satisfacer tus necesidades \u00fanicas. Desde cajas personalizadas hasta dise\u00f1o de embalaje, tenemos todo lo que necesitas para crear la soluci\u00f3n de embalaje perfecta para tu negocio. Cont\u00e1ctanos hoy mismo para obtener soluciones de embalaje de alta calidad y asequibles.\" \/>\n<meta property=\"og:url\" content=\"https:\/\/boxpackingsolution.com\/packaging-solution\/\" \/>\n<meta property=\"og:site_name\" content=\"Shanghai Custom Packaging Co., Ltd\" \/>\n<meta property=\"article:publisher\" content=\"https:\/\/www.facebook.com\/shanghaicustompackaging\/\" \/>\n<meta property=\"article:modified_time\" content=\"2023-10-06T03:01:13+00:00\" \/>\n<meta property=\"og:image\" content=\"https:\/\/boxpackingsolution.com\/wp-content\/uploads\/2020\/06\/Corporation-History.jpg\" \/>\n\t<meta property=\"og:image:width\" content=\"2000\" \/>\n\t<meta property=\"og:image:height\" content=\"1044\" \/>\n\t<meta property=\"og:image:type\" content=\"image\/jpeg\" \/>\n<meta name=\"twitter:card\" content=\"summary_large_image\" \/>\n<meta name=\"twitter:site\" content=\"@custompacking\" \/>\n<meta name=\"twitter:label1\" content=\"Tiempo de lectura\" \/>\n\t<meta name=\"twitter:data1\" content=\"10 minutos\" \/>\n<script type=\"application\/ld+json\" class=\"yoast-schema-graph\">{\"@context\":\"https:\\\/\\\/schema.org\",\"@graph\":[{\"@type\":\"WebPage\",\"@id\":\"https:\\\/\\\/boxpackingsolution.com\\\/packaging-solution\\\/\",\"url\":\"https:\\\/\\\/boxpackingsolution.com\\\/packaging-solution\\\/\",\"name\":\"Soluciones de embalaje de cart\u00f3n personalizadas | Soluci\u00f3n de embalaje de cajas\",\"isPartOf\":{\"@id\":\"https:\\\/\\\/boxpackingsolution.com\\\/#website\"},\"datePublished\":\"2019-09-01T00:57:24+00:00\",\"dateModified\":\"2023-10-06T03:01:13+00:00\",\"description\":\"Shanghai BPS ofrece una amplia gama de soluciones de embalaje personalizadas para satisfacer tus necesidades \u00fanicas. Desde cajas personalizadas hasta dise\u00f1o de embalaje, tenemos todo lo que necesitas para crear la soluci\u00f3n de embalaje perfecta para tu negocio. Cont\u00e1ctanos hoy mismo para obtener soluciones de embalaje de alta calidad y asequibles.\",\"breadcrumb\":{\"@id\":\"https:\\\/\\\/boxpackingsolution.com\\\/packaging-solution\\\/#breadcrumb\"},\"inLanguage\":\"es\",\"potentialAction\":[{\"@type\":\"ReadAction\",\"target\":[\"https:\\\/\\\/boxpackingsolution.com\\\/packaging-solution\\\/\"]}]},{\"@type\":\"BreadcrumbList\",\"@id\":\"https:\\\/\\\/boxpackingsolution.com\\\/packaging-solution\\\/#breadcrumb\",\"itemListElement\":[{\"@type\":\"ListItem\",\"position\":1,\"name\":\"Home\",\"item\":\"https:\\\/\\\/boxpackingsolution.com\\\/es\\\/\"},{\"@type\":\"ListItem\",\"position\":2,\"name\":\"Soluciones de embalaje\"}]},{\"@type\":\"WebSite\",\"@id\":\"https:\\\/\\\/boxpackingsolution.com\\\/#website\",\"url\":\"https:\\\/\\\/boxpackingsolution.com\\\/\",\"name\":\"Shanghai Custom Packaging Co., Ltd\",\"description\":\"A Professional Custom Boxes Supplier\",\"publisher\":{\"@id\":\"https:\\\/\\\/boxpackingsolution.com\\\/#organization\"},\"alternateName\":\"SCP\",\"potentialAction\":[{\"@type\":\"SearchAction\",\"target\":{\"@type\":\"EntryPoint\",\"urlTemplate\":\"https:\\\/\\\/boxpackingsolution.com\\\/?s={search_term_string}\"},\"query-input\":{\"@type\":\"PropertyValueSpecification\",\"valueRequired\":true,\"valueName\":\"search_term_string\"}}],\"inLanguage\":\"es\"},{\"@type\":\"Organization\",\"@id\":\"https:\\\/\\\/boxpackingsolution.com\\\/#organization\",\"name\":\"Shanghai Custom Packaging Co., Ltd\",\"alternateName\":\"SCP\",\"url\":\"https:\\\/\\\/boxpackingsolution.com\\\/\",\"logo\":{\"@type\":\"ImageObject\",\"inLanguage\":\"es\",\"@id\":\"https:\\\/\\\/boxpackingsolution.com\\\/#\\\/schema\\\/logo\\\/image\\\/\",\"url\":\"https:\\\/\\\/boxpackingsolution.com\\\/wp-content\\\/uploads\\\/2019\\\/09\\\/BPS-logo-2x-retina-size.png\",\"contentUrl\":\"https:\\\/\\\/boxpackingsolution.com\\\/wp-content\\\/uploads\\\/2019\\\/09\\\/BPS-logo-2x-retina-size.png\",\"width\":252,\"height\":84,\"caption\":\"Shanghai Custom Packaging Co., Ltd\"},\"image\":{\"@id\":\"https:\\\/\\\/boxpackingsolution.com\\\/#\\\/schema\\\/logo\\\/image\\\/\"},\"sameAs\":[\"https:\\\/\\\/www.facebook.com\\\/shanghaicustompackaging\\\/\",\"https:\\\/\\\/x.com\\\/custompacking\",\"https:\\\/\\\/www.youtube.com\\\/@packagingbox\"]}]}<\/script>\n<!-- \/ Yoast SEO plugin. -->","yoast_head_json":{"title":"Soluciones de embalaje de cart\u00f3n personalizadas | Soluci\u00f3n de embalaje de cajas","description":"Shanghai BPS ofrece una amplia gama de soluciones de embalaje personalizadas para satisfacer tus necesidades \u00fanicas. Desde cajas personalizadas hasta dise\u00f1o de embalaje, tenemos todo lo que necesitas para crear la soluci\u00f3n de embalaje perfecta para tu negocio. Cont\u00e1ctanos hoy mismo para obtener soluciones de embalaje de alta calidad y asequibles.","robots":{"index":"index","follow":"follow","max-snippet":"max-snippet:-1","max-image-preview":"max-image-preview:large","max-video-preview":"max-video-preview:-1"},"canonical":"https:\/\/boxpackingsolution.com\/packaging-solution\/","og_locale":"es_ES","og_type":"article","og_title":"Soluciones de embalaje de cart\u00f3n personalizadas | Soluci\u00f3n de embalaje de cajas","og_description":"Shanghai BPS ofrece una amplia gama de soluciones de embalaje personalizadas para satisfacer tus necesidades \u00fanicas. Desde cajas personalizadas hasta dise\u00f1o de embalaje, tenemos todo lo que necesitas para crear la soluci\u00f3n de embalaje perfecta para tu negocio. Cont\u00e1ctanos hoy mismo para obtener soluciones de embalaje de alta calidad y asequibles.","og_url":"https:\/\/boxpackingsolution.com\/packaging-solution\/","og_site_name":"Shanghai Custom Packaging Co., Ltd","article_publisher":"https:\/\/www.facebook.com\/shanghaicustompackaging\/","article_modified_time":"2023-10-06T03:01:13+00:00","og_image":[{"width":2000,"height":1044,"url":"https:\/\/boxpackingsolution.com\/wp-content\/uploads\/2020\/06\/Corporation-History.jpg","type":"image\/jpeg"}],"twitter_card":"summary_large_image","twitter_site":"@custompacking","twitter_misc":{"Tiempo de lectura":"10 minutos"},"schema":{"@context":"https:\/\/schema.org","@graph":[{"@type":"WebPage","@id":"https:\/\/boxpackingsolution.com\/packaging-solution\/","url":"https:\/\/boxpackingsolution.com\/packaging-solution\/","name":"Soluciones de embalaje de cart\u00f3n personalizadas | Soluci\u00f3n de embalaje de cajas","isPartOf":{"@id":"https:\/\/boxpackingsolution.com\/#website"},"datePublished":"2019-09-01T00:57:24+00:00","dateModified":"2023-10-06T03:01:13+00:00","description":"Shanghai BPS ofrece una amplia gama de soluciones de embalaje personalizadas para satisfacer tus necesidades \u00fanicas. Desde cajas personalizadas hasta dise\u00f1o de embalaje, tenemos todo lo que necesitas para crear la soluci\u00f3n de embalaje perfecta para tu negocio. Cont\u00e1ctanos hoy mismo para obtener soluciones de embalaje de alta calidad y asequibles.","breadcrumb":{"@id":"https:\/\/boxpackingsolution.com\/packaging-solution\/#breadcrumb"},"inLanguage":"es","potentialAction":[{"@type":"ReadAction","target":["https:\/\/boxpackingsolution.com\/packaging-solution\/"]}]},{"@type":"BreadcrumbList","@id":"https:\/\/boxpackingsolution.com\/packaging-solution\/#breadcrumb","itemListElement":[{"@type":"ListItem","position":1,"name":"Home","item":"https:\/\/boxpackingsolution.com\/es\/"},{"@type":"ListItem","position":2,"name":"Soluciones de embalaje"}]},{"@type":"WebSite","@id":"https:\/\/boxpackingsolution.com\/#website","url":"https:\/\/boxpackingsolution.com\/","name":"Shanghai Custom Packaging Co., Ltd","description":"A Professional Custom Boxes Supplier","publisher":{"@id":"https:\/\/boxpackingsolution.com\/#organization"},"alternateName":"SCP","potentialAction":[{"@type":"SearchAction","target":{"@type":"EntryPoint","urlTemplate":"https:\/\/boxpackingsolution.com\/?s={search_term_string}"},"query-input":{"@type":"PropertyValueSpecification","valueRequired":true,"valueName":"search_term_string"}}],"inLanguage":"es"},{"@type":"Organization","@id":"https:\/\/boxpackingsolution.com\/#organization","name":"Shanghai Custom Packaging Co., Ltd","alternateName":"SCP","url":"https:\/\/boxpackingsolution.com\/","logo":{"@type":"ImageObject","inLanguage":"es","@id":"https:\/\/boxpackingsolution.com\/#\/schema\/logo\/image\/","url":"https:\/\/boxpackingsolution.com\/wp-content\/uploads\/2019\/09\/BPS-logo-2x-retina-size.png","contentUrl":"https:\/\/boxpackingsolution.com\/wp-content\/uploads\/2019\/09\/BPS-logo-2x-retina-size.png","width":252,"height":84,"caption":"Shanghai Custom Packaging Co., Ltd"},"image":{"@id":"https:\/\/boxpackingsolution.com\/#\/schema\/logo\/image\/"},"sameAs":["https:\/\/www.facebook.com\/shanghaicustompackaging\/","https:\/\/x.com\/custompacking","https:\/\/www.youtube.com\/@packagingbox"]}]}},"_links":{"self":[{"href":"https:\/\/boxpackingsolution.com\/es\/wp-json\/wp\/v2\/pages\/48872","targetHints":{"allow":["GET"]}}],"collection":[{"href":"https:\/\/boxpackingsolution.com\/es\/wp-json\/wp\/v2\/pages"}],"about":[{"href":"https:\/\/boxpackingsolution.com\/es\/wp-json\/wp\/v2\/types\/page"}],"author":[{"embeddable":true,"href":"https:\/\/boxpackingsolution.com\/es\/wp-json\/wp\/v2\/users\/1"}],"replies":[{"embeddable":true,"href":"https:\/\/boxpackingsolution.com\/es\/wp-json\/wp\/v2\/comments?post=48872"}],"version-history":[{"count":0,"href":"https:\/\/boxpackingsolution.com\/es\/wp-json\/wp\/v2\/pages\/48872\/revisions"}],"wp:attachment":[{"href":"https:\/\/boxpackingsolution.com\/es\/wp-json\/wp\/v2\/media?parent=48872"}],"curies":[{"name":"wp","href":"https:\/\/api.w.org\/{rel}","templated":true}]}}