{"id":55233,"date":"2019-09-01T09:37:14","date_gmt":"2019-09-01T01:37:14","guid":{"rendered":"https:\/\/boxpackingsolution.com\/datenschutzrichtlinie\/"},"modified":"2025-01-24T20:15:38","modified_gmt":"2025-01-24T12:15:38","slug":"datenschutzrichtlinie","status":"publish","type":"page","link":"https:\/\/boxpackingsolution.com\/de\/datenschutzrichtlinie\/","title":{"rendered":"Datenschutzrichtlinie"},"content":{"rendered":"<div class=\"fusion-fullwidth fullwidth-box fusion-builder-row-1 fusion-flex-container nonhundred-percent-fullwidth non-hundred-percent-height-scrolling\" style=\"--awb-border-radius-top-left:0px;--awb-border-radius-top-right:0px;--awb-border-radius-bottom-right:0px;--awb-border-radius-bottom-left:0px;--awb-flex-wrap:wrap;\" ><div class=\"fusion-builder-row fusion-row fusion-flex-align-items-flex-start fusion-flex-content-wrap\" style=\"max-width:calc( 1170px + 0px );margin-left: calc(-0px \/ 2 );margin-right: calc(-0px \/ 2 );\"><div class=\"fusion-layout-column fusion_builder_column fusion-builder-column-0 fusion_builder_column_1_1 1_1 fusion-flex-column\" style=\"--awb-bg-size:cover;--awb-width-large:100%;--awb-margin-top-large:0px;--awb-spacing-right-large:0px;--awb-margin-bottom-large:20px;--awb-spacing-left-large:0px;--awb-width-medium:100%;--awb-spacing-right-medium:0px;--awb-spacing-left-medium:0px;--awb-width-small:100%;--awb-spacing-right-small:0px;--awb-spacing-left-small:0px;\"><div class=\"fusion-column-wrapper fusion-column-has-shadow fusion-flex-justify-content-flex-start fusion-content-layout-column\"><div class=\"fusion-text fusion-text-1\"><h1>Unser Engagement f\u00fcr den Datenschutz<\/h1>\n<p>Ihre Nutzung unserer Website stellt die Zustimmung zur Erfassung und Verwendung Ihrer Daten dar, wie in dieser Datenschutzrichtlinie beschrieben.<\/p>\n<p>BoxPackingSolution.com versteht, glaubt und pflegt eine strikte Vertraulichkeit unserer Website-Benutzer und Kundeninformationen.<br \/>\nAlle Informationen, die wir im Rahmen der Auftragsabwicklung oder einer Anfrage sammeln, werden nicht an Dritte weitergegeben, offengelegt oder verkauft, es sei denn, dies ist f\u00fcr den Kundendienst, die Kontaktaufnahme, die Bearbeitung und den Versand der Bestellung(en) und Anfragen des Kunden erforderlich. <\/p>\n<p>Wir sammeln nicht absichtlich Informationen von Kindern unter 13 Jahren.<br \/>\nUnsere Website ist nicht f\u00fcr die Nutzung durch Kinder bestimmt oder strukturiert. <\/p>\n<p>Bitte haben Sie Verst\u00e4ndnis daf\u00fcr, dass wir Ihre Daten offenlegen, wenn dies gesetzlich vorgeschrieben ist oder um unsere Interessen und Sicherheit sowie die anderer Besucher unserer Website zu sch\u00fctzen oder wenn Sie uns dies erlauben.<br \/>\nIhre Daten k\u00f6nnen auch offengelegt werden, wenn wir in gutem Glauben davon ausgehen, dass dies erforderlich ist, um einem laufenden Gerichtsverfahren, einem Gerichtsbeschluss oder einem rechtlichen Verfahren nachzukommen, das auf unserer Website zugestellt wird. <\/p>\n<h1>Sammlung und Verwendung von Informationen<\/h1>\n<p>In verschiedenen Bereichen unserer Website und unseres Webservers werden Benutzerinformationen erfasst.<br \/>\nDiese Benutzerinformationen werden in Protokolldateien gespeichert, die den Domainnamen des Besuchers, die IP-Adresse, den Browsernamen und die Browserversion, Datum\/Uhrzeit des Besuchs, verweisende\/verlassende Webseiten, eine Anzahl von Klicks und umfassende geografische\/demografische Informationen zur Trendverfolgung enthalten.<br \/>\nDie E-Mail-Adressen der Besucher sind nicht Teil der Protokolldateien.  <\/p>\n<p>BoxPackingSolution.com sammelt Informationen, die unsere Website-Nutzer freiwillig zur Verf\u00fcgung stellen.<br \/>\nBesucher und Nutzer unserer Website geben freiwillig ihren Namen, ihre E-Mail-Adressen, Telefonnummern, Lieferadressen und andere pers\u00f6nliche und gesch\u00e4ftliche Informationen an.<br \/>\nWenn Sie auf unserer Website einkaufen, geben Sie sensible Informationen wie Kreditkartendaten und Kontonummer an.<br \/>\nDurch die Bereitstellung dieser Informationen erkl\u00e4ren Sie sich damit einverstanden, dass diese Informationen zur Bearbeitung Ihrer Anfragen und Transaktionen an unsere Dienstleister und Dritte wie Bankinstitute, Kreditkarten- und Versandunternehmen weitergegeben werden.<br \/>\nIhre Finanzinformationen werden verwendet, um Ihre Transaktionen zu verarbeiten oder Ihnen die von Ihnen angeforderten Produkte und Dienstleistungen in Rechnung zu stellen.    <\/p>\n<p>Unsere Website-Benutzer und Kunden haben das Recht, ihre Informationen auf unserer Website zu \u00e4ndern.<br \/>\nBoxPackingSolution.com stellt unsere Website-Benutzer- und Kundeninformationen nicht zur Verf\u00fcgung, verteilt oder verkauft sie nicht an Dritte.<br \/>\nDie Informationen der Website-Benutzer und -Kunden k\u00f6nnen f\u00fcr das Marketing und die Verbesserung BoxPackingSolution.com Website, Produkte und Dienstleistungen verwendet werden.<br \/>\nBitte beachten Sie, dass wir diese Informationen auch verwenden, um Sie bez\u00fcglich Aktualisierungen auf unserer Website und anderer Informationen zu kontaktieren, die wir f\u00fcr Sie als n\u00fctzlich und interessant erachten.   <\/p>\n<h1>Sicherheit<\/h1>\n<p>Die Sicherheit der Informationen unserer Website, der Nutzer und Kunden hat f\u00fcr uns hohe Priorit\u00e4t.<br \/>\nWir ergreifen angemessene Ma\u00dfnahmen gegen unbefugten Zugriff oder unbefugte Nutzung Ihrer pers\u00f6nlichen und gesch\u00e4ftlichen Daten online und offline.<br \/>\nDer Zugriff auf Website-Benutzer- und Kundeninformationen ist in unseren B\u00fcros eingeschr\u00e4nkt.<br \/>\nUnsere Website verwendet die SSL-Verschl\u00fcsselung (Secure Socket Layer), die die h\u00f6chste Form des Datensicherheitssystems darstellt, wenn Informationen \u00fcber das Internet gesendet oder empfangen werden.<br \/>\nObwohl die SSL-Verschl\u00fcsselung die Integrit\u00e4t von Informationen und die Sicherheit von Sende-\/Empfangsservern \u00fcberpr\u00fcft, sind Informationen \u00fcber das Internet nicht zu 100 % sicher.<br \/>\nWir k\u00f6nnen daher die Sicherheit der Informationen, die Sie uns \u00fcber das Internet senden, nicht garantieren.     <\/p>\n<h1>Gesch\u00e4ftliche \u00dcberg\u00e4nge<\/h1>\n<p>Wenn BoxPackingSolution.com einen Gesch\u00e4fts\u00fcbergang durchl\u00e4uft, wie z. B. den Verkauf an ein anderes Unternehmen, die Fusion mit einem anderen Unternehmen oder die Insolvenzerkl\u00e4rung, umfasst die \u00dcbertragung von Verm\u00f6genswerten einige oder alle Informationen, die von unseren Website-Benutzern und Kunden gesammelt wurden.<\/p>\n<h1>Cookies<\/h1>\n<p>BoxPackingSolution.com verwendet Cookies, um die Benutzer- und Kundenerfahrung auf unserer Website zu verbessern.<br \/>\nEin Cookie ist ein programmierter Datensatz, der von unserer Website f\u00fcr einen l\u00e4ngeren Zeitraum auf Ihrem Computer gespeichert wird.<br \/>\nEin Cookie auf Ihrem Computer erm\u00f6glicht es unserer Website, Sie als bestimmte Person zu erkennen und sich auf Ihre Informationen auf unseren Servern\/Datens\u00e4tzen zu beziehen.<br \/>\nCookies m\u00fcssen aktiviert sein, um BoxPackingSolution.com Website nutzen zu k\u00f6nnen.<br \/>\nSie k\u00f6nnen Cookies entfernen, indem Sie den Anweisungen in Ihrem Webbrowser folgen.    <\/p>\n<h2>Verkn\u00fcpfungen<\/h2>\n<p>BoxPackingSolution.com Website kann Links zu anderen Websites enthalten.<br \/>\nBitte beachten Sie, dass wir nicht f\u00fcr die Datenschutzpraktiken dieser anderen Websites verantwortlich sind.<br \/>\nWir ermutigen unsere Benutzer, sich bewusst zu sein, wenn sie unsere Website verlassen, und die Datenschutzerkl\u00e4rungen jeder einzelnen Website zu lesen, die personenbezogene Daten sammelt.<br \/>\nDiese Datenschutzerkl\u00e4rung gilt ausschlie\u00dflich f\u00fcr Informationen, die von unserer Website gesammelt werden.   <\/p>\n<p>BoxPackingSolution.com k\u00f6nnen diese Datenschutzrichtlinie jederzeit mit oder ohne Vorank\u00fcndigung \u00e4ndern.<br \/>\nDie \u00c4nderung(en) werden auf dieser Seite ver\u00f6ffentlicht.<br \/>\nWir empfehlen Ihnen, diese Seite regelm\u00e4\u00dfig zu lesen.  <\/p>\n<\/div><\/div><\/div><\/div><\/div>\n","protected":false},"excerpt":{"rendered":"","protected":false},"author":1,"featured_media":55234,"parent":0,"menu_order":0,"comment_status":"closed","ping_status":"closed","template":"","meta":{"footnotes":""},"class_list":["post-55233","page","type-page","status-publish","has-post-thumbnail","hentry"],"yoast_head":"<!-- This site is optimized with the Yoast SEO plugin v27.3 - https:\/\/yoast.com\/product\/yoast-seo-wordpress\/ -->\n<title>Datenschutzrichtlinie - Shanghai Custom Packaging Co., Ltd<\/title>\n<meta name=\"description\" content=\"Die Datenschutzrichtlinie sch\u00fctzt die Informationen der Kunden in verschiedenen Aspekten, wir werden die Informationen niemals ohne die Zustimmung des Kunden an Dritte weitergeben.\" \/>\n<meta name=\"robots\" content=\"index, follow, max-snippet:-1, max-image-preview:large, max-video-preview:-1\" \/>\n<link rel=\"canonical\" href=\"https:\/\/boxpackingsolution.com\/de\/datenschutzrichtlinie\/\" \/>\n<meta property=\"og:locale\" content=\"de_DE\" \/>\n<meta property=\"og:type\" content=\"article\" \/>\n<meta property=\"og:title\" content=\"Datenschutzrichtlinie - Shanghai Custom Packaging Co., Ltd\" \/>\n<meta property=\"og:description\" content=\"Die Datenschutzrichtlinie sch\u00fctzt die Informationen der Kunden in verschiedenen Aspekten, wir werden die Informationen niemals ohne die Zustimmung des Kunden an Dritte weitergeben.\" \/>\n<meta property=\"og:url\" content=\"https:\/\/boxpackingsolution.com\/de\/datenschutzrichtlinie\/\" \/>\n<meta property=\"og:site_name\" content=\"Shanghai Custom Packaging Co., Ltd\" \/>\n<meta property=\"article:publisher\" content=\"https:\/\/www.facebook.com\/shanghaicustompackaging\/\" \/>\n<meta property=\"article:modified_time\" content=\"2025-01-24T12:15:38+00:00\" \/>\n<meta property=\"og:image\" content=\"https:\/\/boxpackingsolution.com\/wp-content\/uploads\/2020\/09\/Privacy-Policy.jpg\" \/>\n\t<meta property=\"og:image:width\" content=\"1200\" \/>\n\t<meta property=\"og:image:height\" content=\"628\" \/>\n\t<meta property=\"og:image:type\" content=\"image\/jpeg\" \/>\n<meta name=\"twitter:card\" content=\"summary_large_image\" \/>\n<meta name=\"twitter:site\" content=\"@custompacking\" \/>\n<meta name=\"twitter:label1\" content=\"Gesch\u00e4tzte Lesezeit\" \/>\n\t<meta name=\"twitter:data1\" content=\"5\u00a0Minuten\" \/>\n<script type=\"application\/ld+json\" class=\"yoast-schema-graph\">{\"@context\":\"https:\\\/\\\/schema.org\",\"@graph\":[{\"@type\":\"WebPage\",\"@id\":\"https:\\\/\\\/boxpackingsolution.com\\\/de\\\/datenschutzrichtlinie\\\/\",\"url\":\"https:\\\/\\\/boxpackingsolution.com\\\/de\\\/datenschutzrichtlinie\\\/\",\"name\":\"Datenschutzrichtlinie - Shanghai Custom Packaging Co., Ltd\",\"isPartOf\":{\"@id\":\"https:\\\/\\\/boxpackingsolution.com\\\/#website\"},\"primaryImageOfPage\":{\"@id\":\"https:\\\/\\\/boxpackingsolution.com\\\/de\\\/datenschutzrichtlinie\\\/#primaryimage\"},\"image\":{\"@id\":\"https:\\\/\\\/boxpackingsolution.com\\\/de\\\/datenschutzrichtlinie\\\/#primaryimage\"},\"thumbnailUrl\":\"https:\\\/\\\/boxpackingsolution.com\\\/wp-content\\\/uploads\\\/2020\\\/09\\\/Privacy-Policy.jpg\",\"datePublished\":\"2019-09-01T01:37:14+00:00\",\"dateModified\":\"2025-01-24T12:15:38+00:00\",\"description\":\"Die Datenschutzrichtlinie sch\u00fctzt die Informationen der Kunden in verschiedenen Aspekten, wir werden die Informationen niemals ohne die Zustimmung des Kunden an Dritte weitergeben.\",\"breadcrumb\":{\"@id\":\"https:\\\/\\\/boxpackingsolution.com\\\/de\\\/datenschutzrichtlinie\\\/#breadcrumb\"},\"inLanguage\":\"de\",\"potentialAction\":[{\"@type\":\"ReadAction\",\"target\":[\"https:\\\/\\\/boxpackingsolution.com\\\/de\\\/datenschutzrichtlinie\\\/\"]}]},{\"@type\":\"ImageObject\",\"inLanguage\":\"de\",\"@id\":\"https:\\\/\\\/boxpackingsolution.com\\\/de\\\/datenschutzrichtlinie\\\/#primaryimage\",\"url\":\"https:\\\/\\\/boxpackingsolution.com\\\/wp-content\\\/uploads\\\/2020\\\/09\\\/Privacy-Policy.jpg\",\"contentUrl\":\"https:\\\/\\\/boxpackingsolution.com\\\/wp-content\\\/uploads\\\/2020\\\/09\\\/Privacy-Policy.jpg\",\"width\":1200,\"height\":628,\"caption\":\"We protect your browse privacy.\"},{\"@type\":\"BreadcrumbList\",\"@id\":\"https:\\\/\\\/boxpackingsolution.com\\\/de\\\/datenschutzrichtlinie\\\/#breadcrumb\",\"itemListElement\":[{\"@type\":\"ListItem\",\"position\":1,\"name\":\"Home\",\"item\":\"https:\\\/\\\/boxpackingsolution.com\\\/de\\\/bps-hersteller-von-kundenspezifischen-schachteln-und-displays-anbieter-von-verpackungsloesungen\\\/\"},{\"@type\":\"ListItem\",\"position\":2,\"name\":\"Datenschutzrichtlinie\"}]},{\"@type\":\"WebSite\",\"@id\":\"https:\\\/\\\/boxpackingsolution.com\\\/#website\",\"url\":\"https:\\\/\\\/boxpackingsolution.com\\\/\",\"name\":\"Shanghai Custom Packaging Co., Ltd\",\"description\":\"A Professional Custom Boxes Supplier\",\"publisher\":{\"@id\":\"https:\\\/\\\/boxpackingsolution.com\\\/#organization\"},\"alternateName\":\"SCP\",\"potentialAction\":[{\"@type\":\"SearchAction\",\"target\":{\"@type\":\"EntryPoint\",\"urlTemplate\":\"https:\\\/\\\/boxpackingsolution.com\\\/?s={search_term_string}\"},\"query-input\":{\"@type\":\"PropertyValueSpecification\",\"valueRequired\":true,\"valueName\":\"search_term_string\"}}],\"inLanguage\":\"de\"},{\"@type\":\"Organization\",\"@id\":\"https:\\\/\\\/boxpackingsolution.com\\\/#organization\",\"name\":\"Shanghai Custom Packaging Co., Ltd\",\"alternateName\":\"SCP\",\"url\":\"https:\\\/\\\/boxpackingsolution.com\\\/\",\"logo\":{\"@type\":\"ImageObject\",\"inLanguage\":\"de\",\"@id\":\"https:\\\/\\\/boxpackingsolution.com\\\/#\\\/schema\\\/logo\\\/image\\\/\",\"url\":\"https:\\\/\\\/boxpackingsolution.com\\\/wp-content\\\/uploads\\\/2019\\\/09\\\/BPS-logo-2x-retina-size.png\",\"contentUrl\":\"https:\\\/\\\/boxpackingsolution.com\\\/wp-content\\\/uploads\\\/2019\\\/09\\\/BPS-logo-2x-retina-size.png\",\"width\":252,\"height\":84,\"caption\":\"Shanghai Custom Packaging Co., Ltd\"},\"image\":{\"@id\":\"https:\\\/\\\/boxpackingsolution.com\\\/#\\\/schema\\\/logo\\\/image\\\/\"},\"sameAs\":[\"https:\\\/\\\/www.facebook.com\\\/shanghaicustompackaging\\\/\",\"https:\\\/\\\/x.com\\\/custompacking\",\"https:\\\/\\\/www.youtube.com\\\/@packagingbox\"]}]}<\/script>\n<!-- \/ Yoast SEO plugin. -->","yoast_head_json":{"title":"Datenschutzrichtlinie - Shanghai Custom Packaging Co., Ltd","description":"Die Datenschutzrichtlinie sch\u00fctzt die Informationen der Kunden in verschiedenen Aspekten, wir werden die Informationen niemals ohne die Zustimmung des Kunden an Dritte weitergeben.","robots":{"index":"index","follow":"follow","max-snippet":"max-snippet:-1","max-image-preview":"max-image-preview:large","max-video-preview":"max-video-preview:-1"},"canonical":"https:\/\/boxpackingsolution.com\/de\/datenschutzrichtlinie\/","og_locale":"de_DE","og_type":"article","og_title":"Datenschutzrichtlinie - Shanghai Custom Packaging Co., Ltd","og_description":"Die Datenschutzrichtlinie sch\u00fctzt die Informationen der Kunden in verschiedenen Aspekten, wir werden die Informationen niemals ohne die Zustimmung des Kunden an Dritte weitergeben.","og_url":"https:\/\/boxpackingsolution.com\/de\/datenschutzrichtlinie\/","og_site_name":"Shanghai Custom Packaging Co., Ltd","article_publisher":"https:\/\/www.facebook.com\/shanghaicustompackaging\/","article_modified_time":"2025-01-24T12:15:38+00:00","og_image":[{"width":1200,"height":628,"url":"https:\/\/boxpackingsolution.com\/wp-content\/uploads\/2020\/09\/Privacy-Policy.jpg","type":"image\/jpeg"}],"twitter_card":"summary_large_image","twitter_site":"@custompacking","twitter_misc":{"Gesch\u00e4tzte Lesezeit":"5\u00a0Minuten"},"schema":{"@context":"https:\/\/schema.org","@graph":[{"@type":"WebPage","@id":"https:\/\/boxpackingsolution.com\/de\/datenschutzrichtlinie\/","url":"https:\/\/boxpackingsolution.com\/de\/datenschutzrichtlinie\/","name":"Datenschutzrichtlinie - Shanghai Custom Packaging Co., Ltd","isPartOf":{"@id":"https:\/\/boxpackingsolution.com\/#website"},"primaryImageOfPage":{"@id":"https:\/\/boxpackingsolution.com\/de\/datenschutzrichtlinie\/#primaryimage"},"image":{"@id":"https:\/\/boxpackingsolution.com\/de\/datenschutzrichtlinie\/#primaryimage"},"thumbnailUrl":"https:\/\/boxpackingsolution.com\/wp-content\/uploads\/2020\/09\/Privacy-Policy.jpg","datePublished":"2019-09-01T01:37:14+00:00","dateModified":"2025-01-24T12:15:38+00:00","description":"Die Datenschutzrichtlinie sch\u00fctzt die Informationen der Kunden in verschiedenen Aspekten, wir werden die Informationen niemals ohne die Zustimmung des Kunden an Dritte weitergeben.","breadcrumb":{"@id":"https:\/\/boxpackingsolution.com\/de\/datenschutzrichtlinie\/#breadcrumb"},"inLanguage":"de","potentialAction":[{"@type":"ReadAction","target":["https:\/\/boxpackingsolution.com\/de\/datenschutzrichtlinie\/"]}]},{"@type":"ImageObject","inLanguage":"de","@id":"https:\/\/boxpackingsolution.com\/de\/datenschutzrichtlinie\/#primaryimage","url":"https:\/\/boxpackingsolution.com\/wp-content\/uploads\/2020\/09\/Privacy-Policy.jpg","contentUrl":"https:\/\/boxpackingsolution.com\/wp-content\/uploads\/2020\/09\/Privacy-Policy.jpg","width":1200,"height":628,"caption":"We protect your browse privacy."},{"@type":"BreadcrumbList","@id":"https:\/\/boxpackingsolution.com\/de\/datenschutzrichtlinie\/#breadcrumb","itemListElement":[{"@type":"ListItem","position":1,"name":"Home","item":"https:\/\/boxpackingsolution.com\/de\/bps-hersteller-von-kundenspezifischen-schachteln-und-displays-anbieter-von-verpackungsloesungen\/"},{"@type":"ListItem","position":2,"name":"Datenschutzrichtlinie"}]},{"@type":"WebSite","@id":"https:\/\/boxpackingsolution.com\/#website","url":"https:\/\/boxpackingsolution.com\/","name":"Shanghai Custom Packaging Co., Ltd","description":"A Professional Custom Boxes Supplier","publisher":{"@id":"https:\/\/boxpackingsolution.com\/#organization"},"alternateName":"SCP","potentialAction":[{"@type":"SearchAction","target":{"@type":"EntryPoint","urlTemplate":"https:\/\/boxpackingsolution.com\/?s={search_term_string}"},"query-input":{"@type":"PropertyValueSpecification","valueRequired":true,"valueName":"search_term_string"}}],"inLanguage":"de"},{"@type":"Organization","@id":"https:\/\/boxpackingsolution.com\/#organization","name":"Shanghai Custom Packaging Co., Ltd","alternateName":"SCP","url":"https:\/\/boxpackingsolution.com\/","logo":{"@type":"ImageObject","inLanguage":"de","@id":"https:\/\/boxpackingsolution.com\/#\/schema\/logo\/image\/","url":"https:\/\/boxpackingsolution.com\/wp-content\/uploads\/2019\/09\/BPS-logo-2x-retina-size.png","contentUrl":"https:\/\/boxpackingsolution.com\/wp-content\/uploads\/2019\/09\/BPS-logo-2x-retina-size.png","width":252,"height":84,"caption":"Shanghai Custom Packaging Co., Ltd"},"image":{"@id":"https:\/\/boxpackingsolution.com\/#\/schema\/logo\/image\/"},"sameAs":["https:\/\/www.facebook.com\/shanghaicustompackaging\/","https:\/\/x.com\/custompacking","https:\/\/www.youtube.com\/@packagingbox"]}]}},"_links":{"self":[{"href":"https:\/\/boxpackingsolution.com\/de\/wp-json\/wp\/v2\/pages\/55233","targetHints":{"allow":["GET"]}}],"collection":[{"href":"https:\/\/boxpackingsolution.com\/de\/wp-json\/wp\/v2\/pages"}],"about":[{"href":"https:\/\/boxpackingsolution.com\/de\/wp-json\/wp\/v2\/types\/page"}],"author":[{"embeddable":true,"href":"https:\/\/boxpackingsolution.com\/de\/wp-json\/wp\/v2\/users\/1"}],"replies":[{"embeddable":true,"href":"https:\/\/boxpackingsolution.com\/de\/wp-json\/wp\/v2\/comments?post=55233"}],"version-history":[{"count":0,"href":"https:\/\/boxpackingsolution.com\/de\/wp-json\/wp\/v2\/pages\/55233\/revisions"}],"wp:featuredmedia":[{"embeddable":true,"href":"https:\/\/boxpackingsolution.com\/de\/wp-json\/wp\/v2\/media\/55234"}],"wp:attachment":[{"href":"https:\/\/boxpackingsolution.com\/de\/wp-json\/wp\/v2\/media?parent=55233"}],"curies":[{"name":"wp","href":"https:\/\/api.w.org\/{rel}","templated":true}]}}