{"id":55199,"date":"2019-09-01T08:57:24","date_gmt":"2019-09-01T00:57:24","guid":{"rendered":"https:\/\/boxpackingsolution.com\/verpackungsloesung\/"},"modified":"2025-01-24T20:14:13","modified_gmt":"2025-01-24T12:14:13","slug":"verpackungsloesung","status":"publish","type":"page","link":"https:\/\/boxpackingsolution.com\/de\/verpackungsloesung\/","title":{"rendered":"Verpackungsl\u00f6sung"},"content":{"rendered":"<div class=\"fusion-fullwidth fullwidth-box fusion-builder-row-1 fusion-flex-container has-pattern-background has-mask-background nonhundred-percent-fullwidth non-hundred-percent-height-scrolling\" style=\"--awb-border-radius-top-left:0px;--awb-border-radius-top-right:0px;--awb-border-radius-bottom-right:0px;--awb-border-radius-bottom-left:0px;--awb-flex-wrap:wrap;\" ><div class=\"fusion-builder-row fusion-row fusion-flex-align-items-flex-start fusion-flex-content-wrap\" style=\"max-width:1216.8px;margin-left: calc(-4% \/ 2 );margin-right: calc(-4% \/ 2 );\"><div class=\"fusion-layout-column fusion_builder_column fusion-builder-column-0 fusion_builder_column_1_1 1_1 fusion-flex-column\" style=\"--awb-bg-size:cover;--awb-width-large:100%;--awb-margin-top-large:0px;--awb-spacing-right-large:1.92%;--awb-margin-bottom-large:20px;--awb-spacing-left-large:1.92%;--awb-width-medium:100%;--awb-order-medium:0;--awb-spacing-right-medium:1.92%;--awb-spacing-left-medium:1.92%;--awb-width-small:100%;--awb-order-small:0;--awb-spacing-right-small:1.92%;--awb-spacing-left-small:1.92%;\"><div class=\"fusion-column-wrapper fusion-column-has-shadow fusion-flex-justify-content-flex-start fusion-content-layout-column\"><div class=\"fusion-text fusion-text-1\"><h1>L\u00f6sungen f\u00fcr Kartonagen<\/h1>\n<p>Bei <a href=\"https:\/\/boxpackingsolution.com\/de\/\" target=\"_new\" rel=\"noopener\">Box Packing Solution<\/a> bieten wir eine breite Palette von Kartonverpackungsl\u00f6sungen f\u00fcr alle Ihre Gesch\u00e4ftsanforderungen. Unsere Verpackungsl\u00f6sungen sind so konzipiert, dass sie die spezifischen Anforderungen verschiedener Branchen erf\u00fcllen, darunter Bekleidung und Schuhe, Uhren, Bier und Wein, frische Lebensmittel, Macarons, Kaffee, Sch\u00f6nheitsprodukte, Haarverl\u00e4ngerungen, Wimpernboxen, LED-Lampen, Tassenbecher und VR-Headsets. Jede unserer Verpackungsl\u00f6sungen ist anpassbar, um sicherzustellen, dass Ihr Produkt so verpackt und versendet wird, dass es perfekt zu Ihrer Marke und Ihrem Produkt passt.  <\/p>\n<h2>Verpackungsl\u00f6sung f\u00fcr Bekleidung und Schuhe<\/h2>\n<p>Wenn Sie in der Bekleidungs- oder Schuhindustrie t\u00e4tig sind, wissen Sie, wie wichtig eine hochwertige Verpackung ist, die Ihre Produkte sch\u00fctzt und sie gleichzeitig ansprechend pr\u00e4sentiert.<br \/>\nUnsere ma\u00dfgefertigten Bekleidungs- und Schuhkartons sind bei der Entwicklung sowohl auf Schutz als auch auf \u00c4sthetik ausgelegt.<br \/>\nMit unserer Verpackungsl\u00f6sung f\u00fcr Bekleidung und Schuhe k\u00f6nnen Sie sicher sein, dass Ihre Produkte in einwandfreiem Zustand ankommen und Ihre Kunden von der Qualit\u00e4t Ihrer Verpackung beeindruckt sein werden.<br \/>\nInterner Link: <a href=\"https:\/\/boxpackingsolution.com\/packaging-solution\/custom-apparel-boxes-custom-shoe-boxes\/\" target=\"_new\" rel=\"noopener\">Custom Apparel Boxen und Custom Schuhkartons<\/a>  <\/p>\n<h2>Verpackungsl\u00f6sung f\u00fcr Uhren<\/h2>\n<p>Uhren sind empfindliche Gegenst\u00e4nde, die sorgf\u00e4ltig verpackt werden m\u00fcssen, um sicherzustellen, dass sie in einwandfreiem Zustand ankommen.<br \/>\nUnsere ma\u00dfgefertigten Uhrenboxen wurden entwickelt, um Ihre Uhren vor Besch\u00e4digungen w\u00e4hrend des Transports und der Lagerung zu sch\u00fctzen.<br \/>\nMit unserer Uhrenverpackungsl\u00f6sung k\u00f6nnen Sie sicher sein, dass Ihre Uhren sicher ankommen, und Ihre Kunden werden von der Qualit\u00e4t Ihrer Verpackung beeindruckt sein.<br \/>\nInterner Link: <a href=\"https:\/\/boxpackingsolution.com\/de\/benutzerdefinierte-uhrenboxen\/\" target=\"_new\" rel=\"noopener\">Custom Watch Boxen<\/a>  <\/p>\n<h2>Verpackungsl\u00f6sung f\u00fcr Bier und Wein<\/h2>\n<p>Ganz gleich, ob Sie in der Bier- oder Weinindustrie t\u00e4tig sind, Sie wissen, wie wichtig eine Verpackung ist, die Ihre Produkte nicht nur sch\u00fctzt, sondern auch ihre Attraktivit\u00e4t erh\u00f6ht.<br \/>\nUnsere ma\u00dfgeschneiderten Biertr\u00e4ger und Weinkisten sind genau daf\u00fcr konzipiert.<br \/>\nMit unserer Verpackungsl\u00f6sung f\u00fcr Bier und Wein k\u00f6nnen Sie sicher sein, dass Ihre Produkte sicher ankommen und Ihre Kunden von der Qualit\u00e4t Ihrer Verpackung beeindruckt sein werden.<br \/>\nInterner Link: <a href=\"https:\/\/boxpackingsolution.com\/packaging-solution\/custom-beer-carrier-and-wine-boxes\/\" target=\"_new\" rel=\"noopener\">Custom Beer Carrier und Weinkisten<\/a>  <\/p>\n<h3>L\u00f6sung f\u00fcr die Weinverpackung<\/h3>\n<p>Weinflaschen sind empfindliche Gegenst\u00e4nde, die eine spezielle Verpackung erfordern, um einen Bruch w\u00e4hrend des Versands und der Handhabung zu verhindern.<br \/>\nUnsere Weinverpackungsl\u00f6sungen wurden entwickelt, um Ihre Weinflaschen zu sch\u00fctzen und ihre Attraktivit\u00e4t zu steigern.<br \/>\nMit unserer Weinverpackungsl\u00f6sung k\u00f6nnen Sie sicher sein, dass Ihre Weinflaschen sicher und stilvoll ankommen.<br \/>\nInterner Link: <a href=\"https:\/\/boxpackingsolution.com\/packaging-solution\/custom-beer-carrier-and-wine-boxes\/wine-packaging-solutions\/\" target=\"_new\" rel=\"noopener\">L\u00f6sungen f\u00fcr Weinverpackungen<\/a>  <\/p>\n<h2>Verpackungsl\u00f6sung f\u00fcr frische Lebensmittel<\/h2>\n<p>Frische Lebensmittel ben\u00f6tigen eine Verpackung, die sie nicht nur sch\u00fctzt, sondern auch dazu beitr\u00e4gt, ihre Frische zu erhalten.<br \/>\nUnsere ma\u00dfgefertigten Obstkisten, Gem\u00fcsekisten und gewachsten Kisten sind genau daf\u00fcr konzipiert.<br \/>\nMit unserer Verpackungsl\u00f6sung f\u00fcr frische Lebensmittel k\u00f6nnen Sie sicher sein, dass Ihre Produkte in einwandfreiem Zustand ankommen und Ihre Kunden die Qualit\u00e4t Ihrer Verpackung zu sch\u00e4tzen wissen.<br \/>\nInterner Link: <a href=\"https:\/\/boxpackingsolution.com\/packaging-solution\/custom-fruit-boxes-vegetable-boxes-and-waxed-boxes\/\" target=\"_new\" rel=\"noopener\">Individuelle Obstkisten, Gem\u00fcsekisten und gewachste Kisten<\/a>  <\/p>\n<h2>Macaron-Verpackungsl\u00f6sung<\/h2>\n<p>Macarons sind empfindliche Leckereien, die eine sorgf\u00e4ltige Handhabung und Verpackung erfordern.<br \/>\nUnsere personalisierten Macaron-Verpackungsboxen wurden entwickelt, um Ihre Macarons zu sch\u00fctzen und sie auf ansprechende Weise zu pr\u00e4sentieren.<br \/>\nMit unserer Macaron-Verpackungsl\u00f6sung k\u00f6nnen Sie sicher sein, dass Ihre Macarons sicher und stilvoll ankommen.<br \/>\nInterner Link: <a href=\"https:\/\/boxpackingsolution.com\/de\/kundenspezifische-macaron-verpackungsboxen\/\" target=\"_new\" rel=\"noopener\">Kundenspezifische Macaron-Verpackungsboxen<\/a>  <\/p>\n<h2>Verpackungsl\u00f6sung f\u00fcr Kaffeebohnen und -pulver<\/h2>\n<p>Unsere Kaffeeverpackungsboxen sind so konzipiert, dass sie Ihre Kaffeebohnen und Ihr Pulver w\u00e4hrend des Transports sicher und frisch halten.<br \/>\nWir bieten eine Reihe von Kaffeeverpackungsl\u00f6sungen an, die an Ihre spezifischen Bed\u00fcrfnisse angepasst werden k\u00f6nnen. <a href=\"https:\/\/boxpackingsolution.com\/de\/kaffee-verpackungsbox\/\" target=\"_new\" rel=\"noopener\">Klicken Sie hier<\/a> , um mehr \u00fcber unsere Verpackungsl\u00f6sung f\u00fcr Kaffeebohnen und -pulver zu erfahren. <\/p>\n<h2>Verpackungsl\u00f6sung f\u00fcr Sch\u00f6nheitsprodukte<\/h2>\n<p>Wenn Sie im Verkauf von Sch\u00f6nheitsprodukten t\u00e4tig sind, wissen Sie, wie wichtig es ist, eine Verpackung zu haben, die sowohl funktional als auch attraktiv ist.<br \/>\nHier kommen unsere Verpackungsl\u00f6sungen f\u00fcr Sch\u00f6nheitsprodukte ins Spiel.<br \/>\nBei Box Packing Solution bieten wir eine Vielzahl von kundenspezifischen Kosmetikverpackungen und Verpackungsoptionen f\u00fcr Sch\u00f6nheitsprodukte an, mit denen Sie Ihre Produkte im bestm\u00f6glichen Licht pr\u00e4sentieren k\u00f6nnen.<br \/>\nUnsere Verpackungsl\u00f6sungen f\u00fcr Sch\u00f6nheitsprodukte umfassen alles, von Lippenstiftschachteln und Parf\u00fcmschachteln bis hin zu individuellen Geschenksets und mehr.<br \/>\nWir arbeiten eng mit unseren Kunden zusammen, um sicherzustellen, dass ihre Verpackungen ihren individuellen Bed\u00fcrfnissen und Spezifikationen entsprechen.<br \/>\nEgal, ob Sie auf der Suche nach einer eleganten und raffinierten Verpackung oder etwas Verspielterem und Skurrilerem sind, wir haben alles f\u00fcr Sie.  <\/p>\n<p><a href=\"https:\/\/boxpackingsolution.com\/packaging-solution\/cosmetic-packaging-beauty-products-packaging\/\" target=\"_new\" rel=\"noopener\">Schauen Sie sich hier unser gesamtes Sortiment an Verpackungsoptionen f\u00fcr Kosmetik- und Sch\u00f6nheitsprodukte an.<\/a><\/p>\n<h2>Verpackungsl\u00f6sung f\u00fcr Haarverl\u00e4ngerungen<\/h2>\n<p>Haarverl\u00e4ngerungen sind ein beliebtes Beauty-Accessoire und verdienen eine Verpackung, die genauso stilvoll und hochwertig ist wie die Extensions selbst.<br \/>\nBei Box Packing Solution bieten wir kundenspezifische Verpackungsl\u00f6sungen f\u00fcr Haarverl\u00e4ngerungen an, die sowohl funktional als auch auff\u00e4llig sind.<br \/>\nUnsere Verpackungsl\u00f6sungen f\u00fcr Haarverl\u00e4ngerungen sind in einer Vielzahl von Formen und Gr\u00f6\u00dfen erh\u00e4ltlich, darunter Schachteln, Beutel und Beutel.<br \/>\nWir k\u00f6nnen die Verpackung auch so anpassen, dass sie Ihr Branding und andere einzigartige Designelemente enth\u00e4lt. <\/p>\n<p><a href=\"https:\/\/boxpackingsolution.com\/high-quality-custom-hair-extension-packaging\/\" target=\"_new\" rel=\"noopener\">Erfahren Sie hier mehr \u00fcber unsere Verpackungsoptionen f\u00fcr individuelle Haarverl\u00e4ngerungen.<\/a><\/p>\n<h2>Verpackungsl\u00f6sung f\u00fcr Wimpernschachteln<\/h2>\n<p>Unsere individuelle Verpackungsl\u00f6sung f\u00fcr Wimpernboxen ist perfekt f\u00fcr Unternehmen, die sich in der hart umk\u00e4mpften Sch\u00f6nheitsbranche abheben m\u00f6chten.<br \/>\nWir bieten eine Vielzahl von Gr\u00f6\u00dfen und Designs an, die zu unterschiedlichen Stilen und Vorlieben passen.<br \/>\nUnsere Wimpernboxen sind aus hochwertigem Kartonmaterial gefertigt, das f\u00fcr Langlebigkeit und Schutz sorgt.<br \/>\nWeitere Informationen finden Sie in unserer <a href=\"https:\/\/boxpackingsolution.com\/de\/benutzerdefinierte-wimpernboxen\/\" target=\"_new\" rel=\"noopener\">Verpackungsl\u00f6sung f\u00fcr Wimpernboxen<\/a> .  <\/p>\n<h2>Verpackungsl\u00f6sung f\u00fcr LED-Lampen<\/h2>\n<p>LED-Lampen werden immer beliebter, da sie energieeffizienter und umweltfreundlicher sind als herk\u00f6mmliche Gl\u00fchbirnen.<br \/>\nUnsere kundenspezifische Verpackungsl\u00f6sung f\u00fcr LED-Lampen wurde entwickelt, um LED-Lampen w\u00e4hrend des Transports und der Handhabung zu sch\u00fctzen.<br \/>\nUnsere Verpackungen bestehen aus strapazierf\u00e4higem und robustem Kartonmaterial, das maximalen Schutz vor St\u00f6\u00dfen und Besch\u00e4digungen bietet.<br \/>\nBesuchen Sie unsere Seite <a href=\"https:\/\/boxpackingsolution.com\/de\/kundenspezifische-led-lampenboxen\/\" target=\"_new\" rel=\"noopener\">mit L\u00f6sungen f\u00fcr LED-Lampenverpackungen<\/a> , um mehr zu erfahren.  <\/p>\n<h2>Verpackungsl\u00f6sung f\u00fcr Becherbecher<\/h2>\n<p>Becherbecher sind ein g\u00e4ngiger Gegenstand in Haushalten und B\u00fcros und damit ein beliebter Werbeartikel f\u00fcr Unternehmen.<br \/>\nUnsere individuelle Verpackungsl\u00f6sung f\u00fcr Becherbecher bietet eine hervorragende M\u00f6glichkeit, Ihr Unternehmen zu brandmarken und zu bewerben und gleichzeitig das Produkt w\u00e4hrend des Transports zu sch\u00fctzen.<br \/>\nWir bieten eine Vielzahl von Gr\u00f6\u00dfen und Designs an, um unterschiedlichen Anforderungen gerecht zu werden.<br \/>\nWeitere Informationen finden Sie auf unserer Seite <a href=\"https:\/\/boxpackingsolution.com\/de\/benutzerdefinierte-becherbecher-verpackungsboxen\/\" target=\"_new\" rel=\"noopener\">zur Verpackungsl\u00f6sung f\u00fcr Becherbecher<\/a> .  <\/p>\n<h2>Verpackungsl\u00f6sung f\u00fcr VR-Headsets<\/h2>\n<p>Virtual-Reality-Headsets (VR) werden in verschiedenen Branchen, wie z. B. Gaming und Bildung, immer beliebter.<br \/>\nUnsere kundenspezifische Verpackungsl\u00f6sung f\u00fcr VR-Headsets wurde entwickelt, um die empfindlichen Komponenten von VR-Headsets w\u00e4hrend des Versands und der Handhabung zu sch\u00fctzen.<br \/>\nWir bieten eine Reihe von Designs und Gr\u00f6\u00dfen an, die zu verschiedenen VR-Headsets passen.<br \/>\nBesuchen Sie unsere Seite zu <a href=\"https:\/\/boxpackingsolution.com\/de\/benutzerdefinierte-vr-headset-boxen\/\" target=\"_new\" rel=\"noopener\">Verpackungsl\u00f6sungen f\u00fcr VR-Headsets<\/a> , um mehr \u00fcber unsere Angebote zu erfahren.  <\/p>\n<\/div><\/div><\/div><\/div><\/div>\n","protected":false},"excerpt":{"rendered":"","protected":false},"author":1,"featured_media":0,"parent":0,"menu_order":0,"comment_status":"closed","ping_status":"closed","template":"","meta":{"footnotes":""},"class_list":["post-55199","page","type-page","status-publish","hentry"],"yoast_head":"<!-- This site is optimized with the Yoast SEO plugin v27.4 - https:\/\/yoast.com\/product\/yoast-seo-wordpress\/ -->\n<title>Kundenspezifische Kartonverpackungsl\u00f6sungen | L\u00f6sung zum Verpacken von Kartons<\/title>\n<meta name=\"description\" content=\"Shanghai BPS bietet eine breite Palette an kundenspezifischen Verpackungsl\u00f6sungen, um Ihre individuellen Anforderungen zu erf\u00fcllen. Von kundenspezifischen Schachteln bis hin zum Verpackungsdesign haben wir alles, was Sie brauchen, um eine perfekte Verpackungsl\u00f6sung f\u00fcr Ihr Unternehmen zu erstellen. Kontaktieren Sie uns noch heute f\u00fcr hochwertige und erschwingliche Verpackungsl\u00f6sungen.\" \/>\n<meta name=\"robots\" content=\"index, follow, max-snippet:-1, max-image-preview:large, max-video-preview:-1\" \/>\n<link rel=\"canonical\" href=\"https:\/\/boxpackingsolution.com\/de\/verpackungsloesung\/\" \/>\n<meta property=\"og:locale\" content=\"de_DE\" \/>\n<meta property=\"og:type\" content=\"article\" \/>\n<meta property=\"og:title\" content=\"Kundenspezifische Kartonverpackungsl\u00f6sungen | L\u00f6sung zum Verpacken von Kartons\" \/>\n<meta property=\"og:description\" content=\"Shanghai BPS bietet eine breite Palette an kundenspezifischen Verpackungsl\u00f6sungen, um Ihre individuellen Anforderungen zu erf\u00fcllen. Von kundenspezifischen Schachteln bis hin zum Verpackungsdesign haben wir alles, was Sie brauchen, um eine perfekte Verpackungsl\u00f6sung f\u00fcr Ihr Unternehmen zu erstellen. Kontaktieren Sie uns noch heute f\u00fcr hochwertige und erschwingliche Verpackungsl\u00f6sungen.\" \/>\n<meta property=\"og:url\" content=\"https:\/\/boxpackingsolution.com\/de\/verpackungsloesung\/\" \/>\n<meta property=\"og:site_name\" content=\"Shanghai Custom Packaging Co., Ltd\" \/>\n<meta property=\"article:publisher\" content=\"https:\/\/www.facebook.com\/shanghaicustompackaging\/\" \/>\n<meta property=\"article:modified_time\" content=\"2025-01-24T12:14:13+00:00\" \/>\n<meta property=\"og:image\" content=\"https:\/\/boxpackingsolution.com\/wp-content\/uploads\/2020\/06\/Corporation-History.jpg\" \/>\n\t<meta property=\"og:image:width\" content=\"2000\" \/>\n\t<meta property=\"og:image:height\" content=\"1044\" \/>\n\t<meta property=\"og:image:type\" content=\"image\/jpeg\" \/>\n<meta name=\"twitter:card\" content=\"summary_large_image\" \/>\n<meta name=\"twitter:site\" content=\"@custompacking\" \/>\n<meta name=\"twitter:label1\" content=\"Gesch\u00e4tzte Lesezeit\" \/>\n\t<meta name=\"twitter:data1\" content=\"9\u00a0Minuten\" \/>\n<script type=\"application\/ld+json\" class=\"yoast-schema-graph\">{\"@context\":\"https:\\\/\\\/schema.org\",\"@graph\":[{\"@type\":\"WebPage\",\"@id\":\"https:\\\/\\\/boxpackingsolution.com\\\/de\\\/verpackungsloesung\\\/\",\"url\":\"https:\\\/\\\/boxpackingsolution.com\\\/de\\\/verpackungsloesung\\\/\",\"name\":\"Kundenspezifische Kartonverpackungsl\u00f6sungen | L\u00f6sung zum Verpacken von Kartons\",\"isPartOf\":{\"@id\":\"https:\\\/\\\/boxpackingsolution.com\\\/#website\"},\"datePublished\":\"2019-09-01T00:57:24+00:00\",\"dateModified\":\"2025-01-24T12:14:13+00:00\",\"description\":\"Shanghai BPS bietet eine breite Palette an kundenspezifischen Verpackungsl\u00f6sungen, um Ihre individuellen Anforderungen zu erf\u00fcllen. Von kundenspezifischen Schachteln bis hin zum Verpackungsdesign haben wir alles, was Sie brauchen, um eine perfekte Verpackungsl\u00f6sung f\u00fcr Ihr Unternehmen zu erstellen. Kontaktieren Sie uns noch heute f\u00fcr hochwertige und erschwingliche Verpackungsl\u00f6sungen.\",\"breadcrumb\":{\"@id\":\"https:\\\/\\\/boxpackingsolution.com\\\/de\\\/verpackungsloesung\\\/#breadcrumb\"},\"inLanguage\":\"de\",\"potentialAction\":[{\"@type\":\"ReadAction\",\"target\":[\"https:\\\/\\\/boxpackingsolution.com\\\/de\\\/verpackungsloesung\\\/\"]}]},{\"@type\":\"BreadcrumbList\",\"@id\":\"https:\\\/\\\/boxpackingsolution.com\\\/de\\\/verpackungsloesung\\\/#breadcrumb\",\"itemListElement\":[{\"@type\":\"ListItem\",\"position\":1,\"name\":\"Home\",\"item\":\"https:\\\/\\\/boxpackingsolution.com\\\/de\\\/bps-hersteller-von-kundenspezifischen-schachteln-und-displays-anbieter-von-verpackungsloesungen\\\/\"},{\"@type\":\"ListItem\",\"position\":2,\"name\":\"Verpackungsl\u00f6sung\"}]},{\"@type\":\"WebSite\",\"@id\":\"https:\\\/\\\/boxpackingsolution.com\\\/#website\",\"url\":\"https:\\\/\\\/boxpackingsolution.com\\\/\",\"name\":\"Shanghai Custom Packaging Co., Ltd\",\"description\":\"A Professional Custom Boxes Supplier\",\"publisher\":{\"@id\":\"https:\\\/\\\/boxpackingsolution.com\\\/#organization\"},\"alternateName\":\"SCP\",\"potentialAction\":[{\"@type\":\"SearchAction\",\"target\":{\"@type\":\"EntryPoint\",\"urlTemplate\":\"https:\\\/\\\/boxpackingsolution.com\\\/?s={search_term_string}\"},\"query-input\":{\"@type\":\"PropertyValueSpecification\",\"valueRequired\":true,\"valueName\":\"search_term_string\"}}],\"inLanguage\":\"de\"},{\"@type\":\"Organization\",\"@id\":\"https:\\\/\\\/boxpackingsolution.com\\\/#organization\",\"name\":\"Shanghai Custom Packaging Co., Ltd\",\"alternateName\":\"SCP\",\"url\":\"https:\\\/\\\/boxpackingsolution.com\\\/\",\"logo\":{\"@type\":\"ImageObject\",\"inLanguage\":\"de\",\"@id\":\"https:\\\/\\\/boxpackingsolution.com\\\/#\\\/schema\\\/logo\\\/image\\\/\",\"url\":\"https:\\\/\\\/boxpackingsolution.com\\\/wp-content\\\/uploads\\\/2019\\\/09\\\/BPS-logo-2x-retina-size.png\",\"contentUrl\":\"https:\\\/\\\/boxpackingsolution.com\\\/wp-content\\\/uploads\\\/2019\\\/09\\\/BPS-logo-2x-retina-size.png\",\"width\":252,\"height\":84,\"caption\":\"Shanghai Custom Packaging Co., Ltd\"},\"image\":{\"@id\":\"https:\\\/\\\/boxpackingsolution.com\\\/#\\\/schema\\\/logo\\\/image\\\/\"},\"sameAs\":[\"https:\\\/\\\/www.facebook.com\\\/shanghaicustompackaging\\\/\",\"https:\\\/\\\/x.com\\\/custompacking\",\"https:\\\/\\\/www.youtube.com\\\/@packagingbox\"]}]}<\/script>\n<!-- \/ Yoast SEO plugin. -->","yoast_head_json":{"title":"Kundenspezifische Kartonverpackungsl\u00f6sungen | L\u00f6sung zum Verpacken von Kartons","description":"Shanghai BPS bietet eine breite Palette an kundenspezifischen Verpackungsl\u00f6sungen, um Ihre individuellen Anforderungen zu erf\u00fcllen. Von kundenspezifischen Schachteln bis hin zum Verpackungsdesign haben wir alles, was Sie brauchen, um eine perfekte Verpackungsl\u00f6sung f\u00fcr Ihr Unternehmen zu erstellen. Kontaktieren Sie uns noch heute f\u00fcr hochwertige und erschwingliche Verpackungsl\u00f6sungen.","robots":{"index":"index","follow":"follow","max-snippet":"max-snippet:-1","max-image-preview":"max-image-preview:large","max-video-preview":"max-video-preview:-1"},"canonical":"https:\/\/boxpackingsolution.com\/de\/verpackungsloesung\/","og_locale":"de_DE","og_type":"article","og_title":"Kundenspezifische Kartonverpackungsl\u00f6sungen | L\u00f6sung zum Verpacken von Kartons","og_description":"Shanghai BPS bietet eine breite Palette an kundenspezifischen Verpackungsl\u00f6sungen, um Ihre individuellen Anforderungen zu erf\u00fcllen. Von kundenspezifischen Schachteln bis hin zum Verpackungsdesign haben wir alles, was Sie brauchen, um eine perfekte Verpackungsl\u00f6sung f\u00fcr Ihr Unternehmen zu erstellen. Kontaktieren Sie uns noch heute f\u00fcr hochwertige und erschwingliche Verpackungsl\u00f6sungen.","og_url":"https:\/\/boxpackingsolution.com\/de\/verpackungsloesung\/","og_site_name":"Shanghai Custom Packaging Co., Ltd","article_publisher":"https:\/\/www.facebook.com\/shanghaicustompackaging\/","article_modified_time":"2025-01-24T12:14:13+00:00","og_image":[{"width":2000,"height":1044,"url":"https:\/\/boxpackingsolution.com\/wp-content\/uploads\/2020\/06\/Corporation-History.jpg","type":"image\/jpeg"}],"twitter_card":"summary_large_image","twitter_site":"@custompacking","twitter_misc":{"Gesch\u00e4tzte Lesezeit":"9\u00a0Minuten"},"schema":{"@context":"https:\/\/schema.org","@graph":[{"@type":"WebPage","@id":"https:\/\/boxpackingsolution.com\/de\/verpackungsloesung\/","url":"https:\/\/boxpackingsolution.com\/de\/verpackungsloesung\/","name":"Kundenspezifische Kartonverpackungsl\u00f6sungen | L\u00f6sung zum Verpacken von Kartons","isPartOf":{"@id":"https:\/\/boxpackingsolution.com\/#website"},"datePublished":"2019-09-01T00:57:24+00:00","dateModified":"2025-01-24T12:14:13+00:00","description":"Shanghai BPS bietet eine breite Palette an kundenspezifischen Verpackungsl\u00f6sungen, um Ihre individuellen Anforderungen zu erf\u00fcllen. Von kundenspezifischen Schachteln bis hin zum Verpackungsdesign haben wir alles, was Sie brauchen, um eine perfekte Verpackungsl\u00f6sung f\u00fcr Ihr Unternehmen zu erstellen. Kontaktieren Sie uns noch heute f\u00fcr hochwertige und erschwingliche Verpackungsl\u00f6sungen.","breadcrumb":{"@id":"https:\/\/boxpackingsolution.com\/de\/verpackungsloesung\/#breadcrumb"},"inLanguage":"de","potentialAction":[{"@type":"ReadAction","target":["https:\/\/boxpackingsolution.com\/de\/verpackungsloesung\/"]}]},{"@type":"BreadcrumbList","@id":"https:\/\/boxpackingsolution.com\/de\/verpackungsloesung\/#breadcrumb","itemListElement":[{"@type":"ListItem","position":1,"name":"Home","item":"https:\/\/boxpackingsolution.com\/de\/bps-hersteller-von-kundenspezifischen-schachteln-und-displays-anbieter-von-verpackungsloesungen\/"},{"@type":"ListItem","position":2,"name":"Verpackungsl\u00f6sung"}]},{"@type":"WebSite","@id":"https:\/\/boxpackingsolution.com\/#website","url":"https:\/\/boxpackingsolution.com\/","name":"Shanghai Custom Packaging Co., Ltd","description":"A Professional Custom Boxes Supplier","publisher":{"@id":"https:\/\/boxpackingsolution.com\/#organization"},"alternateName":"SCP","potentialAction":[{"@type":"SearchAction","target":{"@type":"EntryPoint","urlTemplate":"https:\/\/boxpackingsolution.com\/?s={search_term_string}"},"query-input":{"@type":"PropertyValueSpecification","valueRequired":true,"valueName":"search_term_string"}}],"inLanguage":"de"},{"@type":"Organization","@id":"https:\/\/boxpackingsolution.com\/#organization","name":"Shanghai Custom Packaging Co., Ltd","alternateName":"SCP","url":"https:\/\/boxpackingsolution.com\/","logo":{"@type":"ImageObject","inLanguage":"de","@id":"https:\/\/boxpackingsolution.com\/#\/schema\/logo\/image\/","url":"https:\/\/boxpackingsolution.com\/wp-content\/uploads\/2019\/09\/BPS-logo-2x-retina-size.png","contentUrl":"https:\/\/boxpackingsolution.com\/wp-content\/uploads\/2019\/09\/BPS-logo-2x-retina-size.png","width":252,"height":84,"caption":"Shanghai Custom Packaging Co., Ltd"},"image":{"@id":"https:\/\/boxpackingsolution.com\/#\/schema\/logo\/image\/"},"sameAs":["https:\/\/www.facebook.com\/shanghaicustompackaging\/","https:\/\/x.com\/custompacking","https:\/\/www.youtube.com\/@packagingbox"]}]}},"_links":{"self":[{"href":"https:\/\/boxpackingsolution.com\/de\/wp-json\/wp\/v2\/pages\/55199","targetHints":{"allow":["GET"]}}],"collection":[{"href":"https:\/\/boxpackingsolution.com\/de\/wp-json\/wp\/v2\/pages"}],"about":[{"href":"https:\/\/boxpackingsolution.com\/de\/wp-json\/wp\/v2\/types\/page"}],"author":[{"embeddable":true,"href":"https:\/\/boxpackingsolution.com\/de\/wp-json\/wp\/v2\/users\/1"}],"replies":[{"embeddable":true,"href":"https:\/\/boxpackingsolution.com\/de\/wp-json\/wp\/v2\/comments?post=55199"}],"version-history":[{"count":0,"href":"https:\/\/boxpackingsolution.com\/de\/wp-json\/wp\/v2\/pages\/55199\/revisions"}],"wp:attachment":[{"href":"https:\/\/boxpackingsolution.com\/de\/wp-json\/wp\/v2\/media?parent=55199"}],"curies":[{"name":"wp","href":"https:\/\/api.w.org\/{rel}","templated":true}]}}