{"id":54948,"date":"2017-01-09T08:45:00","date_gmt":"2017-01-09T00:45:00","guid":{"rendered":"https:\/\/boxpackingsolution.com\/bedruckte-papiertueten\/"},"modified":"2025-01-24T14:41:32","modified_gmt":"2025-01-24T06:41:32","slug":"bedruckte-papiertueten","status":"publish","type":"page","link":"https:\/\/boxpackingsolution.com\/de\/wissensdatenbank\/bedruckte-papiertueten\/","title":{"rendered":"Bedruckte Papiert\u00fcten"},"content":{"rendered":"","protected":false},"excerpt":{"rendered":"","protected":false},"author":1,"featured_media":54949,"parent":54958,"menu_order":0,"comment_status":"closed","ping_status":"closed","template":"100-width.php","meta":{"footnotes":""},"class_list":["post-54948","page","type-page","status-publish","has-post-thumbnail","hentry"],"yoast_head":"<!-- This site is optimized with the Yoast SEO plugin v27.4 - https:\/\/yoast.com\/product\/yoast-seo-wordpress\/ -->\n<title>2024 Der beste Leitfaden: Personalisierte Papiert\u00fcten und bedruckte Papiert\u00fcten<\/title>\n<meta name=\"description\" content=\"Shanghai BPS ist der Spitzenreiter unter den Anbietern von personalisierten Papiert\u00fcten. Sie erhalten eine vollst\u00e4ndige Inspiration von Designideen f\u00fcr bedruckte Papiert\u00fcten. Kostenlose Vorlagen stehen zur Verf\u00fcgung. Dar\u00fcber hinaus k\u00f6nnen Sie unsere End-to-End-Produktion von Luxus-Papiert\u00fcten zu niedrigen Kosten ausprobieren.\" \/>\n<meta name=\"robots\" content=\"index, follow, max-snippet:-1, max-image-preview:large, max-video-preview:-1\" \/>\n<link rel=\"canonical\" href=\"https:\/\/boxpackingsolution.com\/de\/wissensdatenbank\/bedruckte-papiertueten\/\" \/>\n<meta property=\"og:locale\" content=\"de_DE\" \/>\n<meta property=\"og:type\" content=\"article\" \/>\n<meta property=\"og:title\" content=\"2024 Der beste Leitfaden: Personalisierte Papiert\u00fcten und bedruckte Papiert\u00fcten\" \/>\n<meta property=\"og:description\" content=\"Shanghai BPS ist der Spitzenreiter unter den Anbietern von personalisierten Papiert\u00fcten. Sie erhalten eine vollst\u00e4ndige Inspiration von Designideen f\u00fcr bedruckte Papiert\u00fcten. Kostenlose Vorlagen stehen zur Verf\u00fcgung. Dar\u00fcber hinaus k\u00f6nnen Sie unsere End-to-End-Produktion von Luxus-Papiert\u00fcten zu niedrigen Kosten ausprobieren.\" \/>\n<meta property=\"og:url\" content=\"https:\/\/boxpackingsolution.com\/de\/wissensdatenbank\/bedruckte-papiertueten\/\" \/>\n<meta property=\"og:site_name\" content=\"Shanghai Custom Packaging Co., Ltd\" \/>\n<meta property=\"article:publisher\" content=\"https:\/\/www.facebook.com\/shanghaicustompackaging\/\" \/>\n<meta property=\"article:modified_time\" content=\"2025-01-24T06:41:32+00:00\" \/>\n<meta property=\"og:image\" content=\"https:\/\/boxpackingsolution.com\/wp-content\/uploads\/2019\/11\/Custom-Printed-Paper-Bags-Shopping-Bags.jpg\" \/>\n\t<meta property=\"og:image:width\" content=\"750\" \/>\n\t<meta property=\"og:image:height\" content=\"750\" \/>\n\t<meta property=\"og:image:type\" content=\"image\/jpeg\" \/>\n<meta name=\"twitter:card\" content=\"summary_large_image\" \/>\n<meta name=\"twitter:site\" content=\"@custompacking\" \/>\n<script type=\"application\/ld+json\" class=\"yoast-schema-graph\">{\"@context\":\"https:\\\/\\\/schema.org\",\"@graph\":[{\"@type\":\"WebPage\",\"@id\":\"https:\\\/\\\/boxpackingsolution.com\\\/de\\\/wissensdatenbank\\\/bedruckte-papiertueten\\\/\",\"url\":\"https:\\\/\\\/boxpackingsolution.com\\\/de\\\/wissensdatenbank\\\/bedruckte-papiertueten\\\/\",\"name\":\"2024 Der beste Leitfaden: Personalisierte Papiert\u00fcten und bedruckte Papiert\u00fcten\",\"isPartOf\":{\"@id\":\"https:\\\/\\\/boxpackingsolution.com\\\/#website\"},\"primaryImageOfPage\":{\"@id\":\"https:\\\/\\\/boxpackingsolution.com\\\/de\\\/wissensdatenbank\\\/bedruckte-papiertueten\\\/#primaryimage\"},\"image\":{\"@id\":\"https:\\\/\\\/boxpackingsolution.com\\\/de\\\/wissensdatenbank\\\/bedruckte-papiertueten\\\/#primaryimage\"},\"thumbnailUrl\":\"https:\\\/\\\/boxpackingsolution.com\\\/wp-content\\\/uploads\\\/2019\\\/11\\\/Custom-Printed-Paper-Bags-Shopping-Bags.jpg\",\"datePublished\":\"2017-01-09T00:45:00+00:00\",\"dateModified\":\"2025-01-24T06:41:32+00:00\",\"description\":\"Shanghai BPS ist der Spitzenreiter unter den Anbietern von personalisierten Papiert\u00fcten. Sie erhalten eine vollst\u00e4ndige Inspiration von Designideen f\u00fcr bedruckte Papiert\u00fcten. Kostenlose Vorlagen stehen zur Verf\u00fcgung. Dar\u00fcber hinaus k\u00f6nnen Sie unsere End-to-End-Produktion von Luxus-Papiert\u00fcten zu niedrigen Kosten ausprobieren.\",\"breadcrumb\":{\"@id\":\"https:\\\/\\\/boxpackingsolution.com\\\/de\\\/wissensdatenbank\\\/bedruckte-papiertueten\\\/#breadcrumb\"},\"inLanguage\":\"de\",\"potentialAction\":[{\"@type\":\"ReadAction\",\"target\":[\"https:\\\/\\\/boxpackingsolution.com\\\/de\\\/wissensdatenbank\\\/bedruckte-papiertueten\\\/\"]}]},{\"@type\":\"ImageObject\",\"inLanguage\":\"de\",\"@id\":\"https:\\\/\\\/boxpackingsolution.com\\\/de\\\/wissensdatenbank\\\/bedruckte-papiertueten\\\/#primaryimage\",\"url\":\"https:\\\/\\\/boxpackingsolution.com\\\/wp-content\\\/uploads\\\/2019\\\/11\\\/Custom-Printed-Paper-Bags-Shopping-Bags.jpg\",\"contentUrl\":\"https:\\\/\\\/boxpackingsolution.com\\\/wp-content\\\/uploads\\\/2019\\\/11\\\/Custom-Printed-Paper-Bags-Shopping-Bags.jpg\",\"width\":750,\"height\":750},{\"@type\":\"BreadcrumbList\",\"@id\":\"https:\\\/\\\/boxpackingsolution.com\\\/de\\\/wissensdatenbank\\\/bedruckte-papiertueten\\\/#breadcrumb\",\"itemListElement\":[{\"@type\":\"ListItem\",\"position\":1,\"name\":\"Home\",\"item\":\"https:\\\/\\\/boxpackingsolution.com\\\/de\\\/bps-hersteller-von-kundenspezifischen-schachteln-und-displays-anbieter-von-verpackungsloesungen\\\/\"},{\"@type\":\"ListItem\",\"position\":2,\"name\":\"Wissensdatenbank\",\"item\":\"https:\\\/\\\/boxpackingsolution.com\\\/wissensdatenbank\\\/\"},{\"@type\":\"ListItem\",\"position\":3,\"name\":\"Bedruckte Papiert\u00fcten\"}]},{\"@type\":\"WebSite\",\"@id\":\"https:\\\/\\\/boxpackingsolution.com\\\/#website\",\"url\":\"https:\\\/\\\/boxpackingsolution.com\\\/\",\"name\":\"Shanghai Custom Packaging Co., Ltd\",\"description\":\"A Professional Custom Boxes Supplier\",\"publisher\":{\"@id\":\"https:\\\/\\\/boxpackingsolution.com\\\/#organization\"},\"alternateName\":\"SCP\",\"potentialAction\":[{\"@type\":\"SearchAction\",\"target\":{\"@type\":\"EntryPoint\",\"urlTemplate\":\"https:\\\/\\\/boxpackingsolution.com\\\/?s={search_term_string}\"},\"query-input\":{\"@type\":\"PropertyValueSpecification\",\"valueRequired\":true,\"valueName\":\"search_term_string\"}}],\"inLanguage\":\"de\"},{\"@type\":\"Organization\",\"@id\":\"https:\\\/\\\/boxpackingsolution.com\\\/#organization\",\"name\":\"Shanghai Custom Packaging Co., Ltd\",\"alternateName\":\"SCP\",\"url\":\"https:\\\/\\\/boxpackingsolution.com\\\/\",\"logo\":{\"@type\":\"ImageObject\",\"inLanguage\":\"de\",\"@id\":\"https:\\\/\\\/boxpackingsolution.com\\\/#\\\/schema\\\/logo\\\/image\\\/\",\"url\":\"https:\\\/\\\/boxpackingsolution.com\\\/wp-content\\\/uploads\\\/2019\\\/09\\\/BPS-logo-2x-retina-size.png\",\"contentUrl\":\"https:\\\/\\\/boxpackingsolution.com\\\/wp-content\\\/uploads\\\/2019\\\/09\\\/BPS-logo-2x-retina-size.png\",\"width\":252,\"height\":84,\"caption\":\"Shanghai Custom Packaging Co., Ltd\"},\"image\":{\"@id\":\"https:\\\/\\\/boxpackingsolution.com\\\/#\\\/schema\\\/logo\\\/image\\\/\"},\"sameAs\":[\"https:\\\/\\\/www.facebook.com\\\/shanghaicustompackaging\\\/\",\"https:\\\/\\\/x.com\\\/custompacking\",\"https:\\\/\\\/www.youtube.com\\\/@packagingbox\"]}]}<\/script>\n<!-- \/ Yoast SEO plugin. -->","yoast_head_json":{"title":"2024 Der beste Leitfaden: Personalisierte Papiert\u00fcten und bedruckte Papiert\u00fcten","description":"Shanghai BPS ist der Spitzenreiter unter den Anbietern von personalisierten Papiert\u00fcten. Sie erhalten eine vollst\u00e4ndige Inspiration von Designideen f\u00fcr bedruckte Papiert\u00fcten. Kostenlose Vorlagen stehen zur Verf\u00fcgung. Dar\u00fcber hinaus k\u00f6nnen Sie unsere End-to-End-Produktion von Luxus-Papiert\u00fcten zu niedrigen Kosten ausprobieren.","robots":{"index":"index","follow":"follow","max-snippet":"max-snippet:-1","max-image-preview":"max-image-preview:large","max-video-preview":"max-video-preview:-1"},"canonical":"https:\/\/boxpackingsolution.com\/de\/wissensdatenbank\/bedruckte-papiertueten\/","og_locale":"de_DE","og_type":"article","og_title":"2024 Der beste Leitfaden: Personalisierte Papiert\u00fcten und bedruckte Papiert\u00fcten","og_description":"Shanghai BPS ist der Spitzenreiter unter den Anbietern von personalisierten Papiert\u00fcten. Sie erhalten eine vollst\u00e4ndige Inspiration von Designideen f\u00fcr bedruckte Papiert\u00fcten. Kostenlose Vorlagen stehen zur Verf\u00fcgung. Dar\u00fcber hinaus k\u00f6nnen Sie unsere End-to-End-Produktion von Luxus-Papiert\u00fcten zu niedrigen Kosten ausprobieren.","og_url":"https:\/\/boxpackingsolution.com\/de\/wissensdatenbank\/bedruckte-papiertueten\/","og_site_name":"Shanghai Custom Packaging Co., Ltd","article_publisher":"https:\/\/www.facebook.com\/shanghaicustompackaging\/","article_modified_time":"2025-01-24T06:41:32+00:00","og_image":[{"width":750,"height":750,"url":"https:\/\/boxpackingsolution.com\/wp-content\/uploads\/2019\/11\/Custom-Printed-Paper-Bags-Shopping-Bags.jpg","type":"image\/jpeg"}],"twitter_card":"summary_large_image","twitter_site":"@custompacking","schema":{"@context":"https:\/\/schema.org","@graph":[{"@type":"WebPage","@id":"https:\/\/boxpackingsolution.com\/de\/wissensdatenbank\/bedruckte-papiertueten\/","url":"https:\/\/boxpackingsolution.com\/de\/wissensdatenbank\/bedruckte-papiertueten\/","name":"2024 Der beste Leitfaden: Personalisierte Papiert\u00fcten und bedruckte Papiert\u00fcten","isPartOf":{"@id":"https:\/\/boxpackingsolution.com\/#website"},"primaryImageOfPage":{"@id":"https:\/\/boxpackingsolution.com\/de\/wissensdatenbank\/bedruckte-papiertueten\/#primaryimage"},"image":{"@id":"https:\/\/boxpackingsolution.com\/de\/wissensdatenbank\/bedruckte-papiertueten\/#primaryimage"},"thumbnailUrl":"https:\/\/boxpackingsolution.com\/wp-content\/uploads\/2019\/11\/Custom-Printed-Paper-Bags-Shopping-Bags.jpg","datePublished":"2017-01-09T00:45:00+00:00","dateModified":"2025-01-24T06:41:32+00:00","description":"Shanghai BPS ist der Spitzenreiter unter den Anbietern von personalisierten Papiert\u00fcten. Sie erhalten eine vollst\u00e4ndige Inspiration von Designideen f\u00fcr bedruckte Papiert\u00fcten. Kostenlose Vorlagen stehen zur Verf\u00fcgung. Dar\u00fcber hinaus k\u00f6nnen Sie unsere End-to-End-Produktion von Luxus-Papiert\u00fcten zu niedrigen Kosten ausprobieren.","breadcrumb":{"@id":"https:\/\/boxpackingsolution.com\/de\/wissensdatenbank\/bedruckte-papiertueten\/#breadcrumb"},"inLanguage":"de","potentialAction":[{"@type":"ReadAction","target":["https:\/\/boxpackingsolution.com\/de\/wissensdatenbank\/bedruckte-papiertueten\/"]}]},{"@type":"ImageObject","inLanguage":"de","@id":"https:\/\/boxpackingsolution.com\/de\/wissensdatenbank\/bedruckte-papiertueten\/#primaryimage","url":"https:\/\/boxpackingsolution.com\/wp-content\/uploads\/2019\/11\/Custom-Printed-Paper-Bags-Shopping-Bags.jpg","contentUrl":"https:\/\/boxpackingsolution.com\/wp-content\/uploads\/2019\/11\/Custom-Printed-Paper-Bags-Shopping-Bags.jpg","width":750,"height":750},{"@type":"BreadcrumbList","@id":"https:\/\/boxpackingsolution.com\/de\/wissensdatenbank\/bedruckte-papiertueten\/#breadcrumb","itemListElement":[{"@type":"ListItem","position":1,"name":"Home","item":"https:\/\/boxpackingsolution.com\/de\/bps-hersteller-von-kundenspezifischen-schachteln-und-displays-anbieter-von-verpackungsloesungen\/"},{"@type":"ListItem","position":2,"name":"Wissensdatenbank","item":"https:\/\/boxpackingsolution.com\/wissensdatenbank\/"},{"@type":"ListItem","position":3,"name":"Bedruckte Papiert\u00fcten"}]},{"@type":"WebSite","@id":"https:\/\/boxpackingsolution.com\/#website","url":"https:\/\/boxpackingsolution.com\/","name":"Shanghai Custom Packaging Co., Ltd","description":"A Professional Custom Boxes Supplier","publisher":{"@id":"https:\/\/boxpackingsolution.com\/#organization"},"alternateName":"SCP","potentialAction":[{"@type":"SearchAction","target":{"@type":"EntryPoint","urlTemplate":"https:\/\/boxpackingsolution.com\/?s={search_term_string}"},"query-input":{"@type":"PropertyValueSpecification","valueRequired":true,"valueName":"search_term_string"}}],"inLanguage":"de"},{"@type":"Organization","@id":"https:\/\/boxpackingsolution.com\/#organization","name":"Shanghai Custom Packaging Co., Ltd","alternateName":"SCP","url":"https:\/\/boxpackingsolution.com\/","logo":{"@type":"ImageObject","inLanguage":"de","@id":"https:\/\/boxpackingsolution.com\/#\/schema\/logo\/image\/","url":"https:\/\/boxpackingsolution.com\/wp-content\/uploads\/2019\/09\/BPS-logo-2x-retina-size.png","contentUrl":"https:\/\/boxpackingsolution.com\/wp-content\/uploads\/2019\/09\/BPS-logo-2x-retina-size.png","width":252,"height":84,"caption":"Shanghai Custom Packaging Co., Ltd"},"image":{"@id":"https:\/\/boxpackingsolution.com\/#\/schema\/logo\/image\/"},"sameAs":["https:\/\/www.facebook.com\/shanghaicustompackaging\/","https:\/\/x.com\/custompacking","https:\/\/www.youtube.com\/@packagingbox"]}]}},"_links":{"self":[{"href":"https:\/\/boxpackingsolution.com\/de\/wp-json\/wp\/v2\/pages\/54948","targetHints":{"allow":["GET"]}}],"collection":[{"href":"https:\/\/boxpackingsolution.com\/de\/wp-json\/wp\/v2\/pages"}],"about":[{"href":"https:\/\/boxpackingsolution.com\/de\/wp-json\/wp\/v2\/types\/page"}],"author":[{"embeddable":true,"href":"https:\/\/boxpackingsolution.com\/de\/wp-json\/wp\/v2\/users\/1"}],"replies":[{"embeddable":true,"href":"https:\/\/boxpackingsolution.com\/de\/wp-json\/wp\/v2\/comments?post=54948"}],"version-history":[{"count":0,"href":"https:\/\/boxpackingsolution.com\/de\/wp-json\/wp\/v2\/pages\/54948\/revisions"}],"up":[{"embeddable":true,"href":"https:\/\/boxpackingsolution.com\/de\/wp-json\/wp\/v2\/pages\/54958"}],"wp:featuredmedia":[{"embeddable":true,"href":"https:\/\/boxpackingsolution.com\/de\/wp-json\/wp\/v2\/media\/54949"}],"wp:attachment":[{"href":"https:\/\/boxpackingsolution.com\/de\/wp-json\/wp\/v2\/media?parent=54948"}],"curies":[{"name":"wp","href":"https:\/\/api.w.org\/{rel}","templated":true}]}}